{"id":1843,"date":"2021-07-21T09:26:37","date_gmt":"2021-07-21T07:26:37","guid":{"rendered":"https:\/\/gz-fensterladen.de\/?page_id=1843"},"modified":"2021-07-21T09:31:54","modified_gmt":"2021-07-21T07:31:54","slug":"ihre-anfrage-wurde-erfolgreich-versendet","status":"publish","type":"page","link":"https:\/\/gz-fensterladen.de\/en\/ihre-anfrage-wurde-erfolgreich-versendet\/","title":{"rendered":"Ihre Anfrage wurde erfolgreich versendet"},"content":{"rendered":"<div data-elementor-type=\"wp-page\" data-elementor-id=\"1843\" class=\"elementor elementor-1843\" data-elementor-post-type=\"page\">\n\t\t\t\t\t\t<section class=\"elementor-section elementor-top-section elementor-element elementor-element-571aa84 elementor-section-boxed elementor-section-height-default elementor-section-height-default\" data-id=\"571aa84\" data-element_type=\"section\" data-e-type=\"section\">\n\t\t\t\t\t\t<div class=\"elementor-container elementor-column-gap-default\">\n\t\t\t\t\t<div class=\"elementor-column elementor-col-100 elementor-top-column elementor-element elementor-element-01c854b\" data-id=\"01c854b\" data-element_type=\"column\" data-e-type=\"column\">\n\t\t\t<div class=\"elementor-widget-wrap elementor-element-populated\">\n\t\t\t\t\t\t<section class=\"elementor-section elementor-inner-section elementor-element elementor-element-00457ea elementor-section-boxed elementor-section-height-default elementor-section-height-default\" data-id=\"00457ea\" data-element_type=\"section\" data-e-type=\"section\">\n\t\t\t\t\t\t<div class=\"elementor-container elementor-column-gap-default\">\n\t\t\t\t\t<div class=\"elementor-column elementor-col-50 elementor-inner-column elementor-element elementor-element-6a74d6d\" data-id=\"6a74d6d\" data-element_type=\"column\" data-e-type=\"column\">\n\t\t\t<div class=\"elementor-widget-wrap elementor-element-populated\">\n\t\t\t\t\t\t<div class=\"elementor-element elementor-element-ed0af86 elementor-widget elementor-widget-heading\" data-id=\"ed0af86\" data-element_type=\"widget\" data-e-type=\"widget\" data-widget_type=\"heading.default\">\n\t\t\t\t<div class=\"elementor-widget-container\">\n\t\t\t\t\t<h2 class=\"elementor-heading-title elementor-size-default\">Your submission has been sent<\/h2>\t\t\t\t<\/div>\n\t\t\t\t<\/div>\n\t\t\t\t<div class=\"elementor-element elementor-element-ac1421d elementor-widget elementor-widget-text-editor\" data-id=\"ac1421d\" data-element_type=\"widget\" data-e-type=\"widget\" data-widget_type=\"text-editor.default\">\n\t\t\t\t<div class=\"elementor-widget-container\">\n\t\t\t\t\t\t\t\t\t<p>Thank you for your request. We will get back to you as soon as possible.<\/p>\t\t\t\t\t\t\t\t<\/div>\n\t\t\t\t<\/div>\n\t\t\t\t<div class=\"elementor-element elementor-element-e4b8867 elementor-align-center elementor-widget elementor-widget-button\" data-id=\"e4b8867\" data-element_type=\"widget\" data-e-type=\"widget\" data-widget_type=\"button.default\">\n\t\t\t\t<div class=\"elementor-widget-container\">\n\t\t\t\t\t\t\t\t\t<div class=\"elementor-button-wrapper\">\n\t\t\t\t\t<a class=\"elementor-button elementor-button-link elementor-size-sm\" href=\"https:\/\/gz-fensterladen.de\/en\">\n\t\t\t\t\t\t<span class=\"elementor-button-content-wrapper\">\n\t\t\t\t\t\t\t\t\t<span class=\"elementor-button-text\">HOMEPAGE<\/span>\n\t\t\t\t\t<\/span>\n\t\t\t\t\t<\/a>\n\t\t\t\t<\/div>\n\t\t\t\t\t\t\t\t<\/div>\n\t\t\t\t<\/div>\n\t\t\t\t\t<\/div>\n\t\t<\/div>\n\t\t\t\t<div class=\"elementor-column elementor-col-50 elementor-inner-column elementor-element elementor-element-30ee0cb\" data-id=\"30ee0cb\" data-element_type=\"column\" data-e-type=\"column\">\n\t\t\t<div class=\"elementor-widget-wrap elementor-element-populated\">\n\t\t\t\t\t\t<div class=\"elementor-element elementor-element-85e453b elementor-widget elementor-widget-image\" data-id=\"85e453b\" data-element_type=\"widget\" data-e-type=\"widget\" data-widget_type=\"image.default\">\n\t\t\t\t<div class=\"elementor-widget-container\">\n\t\t\t\t\t\t\t\t\t\t\t\t\t\t\t<img decoding=\"async\" width=\"123\" height=\"70\" src=\"https:\/\/gz-fensterladen.de\/wp-content\/uploads\/2019\/05\/GZ-GmbH-Co.-KG.png\" class=\"attachment-large size-large wp-image-1056\" alt=\"G+Z GmbH &amp; Co. KG\" \/>\t\t\t\t\t\t\t\t\t\t\t\t\t\t\t<\/div>\n\t\t\t\t<\/div>\n\t\t\t\t\t<\/div>\n\t\t<\/div>\n\t\t\t\t\t<\/div>\n\t\t<\/section>\n\t\t\t\t\t<\/div>\n\t\t<\/div>\n\t\t\t\t\t<\/div>\n\t\t<\/section>\n\t\t\t\t<\/div>","protected":false},"excerpt":{"rendered":"<p>Ihre Anfrage wurde versendet Vielen Dank f\u00fcr Ihre Anfrage. Wir melden uns schnellstm\u00f6glich bei Ihnen zur\u00fcck. Zur Startseite<\/p>","protected":false},"author":3,"featured_media":0,"parent":0,"menu_order":0,"comment_status":"closed","ping_status":"closed","template":"","meta":{"footnotes":""},"class_list":["post-1843","page","type-page","status-publish","hentry"],"yoast_head":"<!-- This site is optimized with the Yoast SEO plugin v27.1.1 - https:\/\/yoast.com\/product\/yoast-seo-wordpress\/ -->\n<title>Ihre Anfrage wurde erfolgreich versendet - GZ-Fensterl\u00e4den<\/title>\n<meta name=\"robots\" content=\"noindex, nofollow\" \/>\n<meta property=\"og:locale\" content=\"en_GB\" \/>\n<meta property=\"og:type\" content=\"article\" \/>\n<meta property=\"og:title\" content=\"Ihre Anfrage wurde erfolgreich versendet - GZ-Fensterl\u00e4den\" \/>\n<meta property=\"og:description\" content=\"Ihre Anfrage wurde versendet Vielen Dank f\u00fcr Ihre Anfrage. Wir melden uns schnellstm\u00f6glich bei Ihnen zur\u00fcck. Zur Startseite\" \/>\n<meta property=\"og:url\" content=\"https:\/\/gz-fensterladen.de\/en\/ihre-anfrage-wurde-erfolgreich-versendet\/\" \/>\n<meta property=\"og:site_name\" content=\"GZ-Fensterl\u00e4den\" \/>\n<meta property=\"article:publisher\" content=\"https:\/\/www.facebook.com\/gz.fensterlaeden\" \/>\n<meta property=\"article:modified_time\" content=\"2021-07-21T07:31:54+00:00\" \/>\n<meta property=\"og:image\" content=\"https:\/\/gz-fensterladen.de\/wp-content\/uploads\/2019\/05\/GZ-GmbH-Co.-KG.png\" \/>\n<meta name=\"twitter:card\" content=\"summary_large_image\" \/>\n<meta name=\"twitter:label1\" content=\"Estimated reading time\" \/>\n\t<meta name=\"twitter:data1\" content=\"1 minute\" \/>\n<script type=\"application\/ld+json\" class=\"yoast-schema-graph\">{\"@context\":\"https:\/\/schema.org\",\"@graph\":[{\"@type\":\"WebPage\",\"@id\":\"https:\/\/gz-fensterladen.de\/ihre-anfrage-wurde-erfolgreich-versendet\/\",\"url\":\"https:\/\/gz-fensterladen.de\/ihre-anfrage-wurde-erfolgreich-versendet\/\",\"name\":\"Ihre Anfrage wurde erfolgreich versendet - GZ-Fensterl\u00e4den\",\"isPartOf\":{\"@id\":\"https:\/\/gz-fensterladen.de\/#website\"},\"primaryImageOfPage\":{\"@id\":\"https:\/\/gz-fensterladen.de\/ihre-anfrage-wurde-erfolgreich-versendet\/#primaryimage\"},\"image\":{\"@id\":\"https:\/\/gz-fensterladen.de\/ihre-anfrage-wurde-erfolgreich-versendet\/#primaryimage\"},\"thumbnailUrl\":\"https:\/\/gz-fensterladen.de\/wp-content\/uploads\/2019\/05\/GZ-GmbH-Co.-KG.png\",\"datePublished\":\"2021-07-21T07:26:37+00:00\",\"dateModified\":\"2021-07-21T07:31:54+00:00\",\"breadcrumb\":{\"@id\":\"https:\/\/gz-fensterladen.de\/ihre-anfrage-wurde-erfolgreich-versendet\/#breadcrumb\"},\"inLanguage\":\"en-GB\",\"potentialAction\":[{\"@type\":\"ReadAction\",\"target\":[\"https:\/\/gz-fensterladen.de\/ihre-anfrage-wurde-erfolgreich-versendet\/\"]}]},{\"@type\":\"ImageObject\",\"inLanguage\":\"en-GB\",\"@id\":\"https:\/\/gz-fensterladen.de\/ihre-anfrage-wurde-erfolgreich-versendet\/#primaryimage\",\"url\":\"https:\/\/gz-fensterladen.de\/wp-content\/uploads\/2019\/05\/GZ-GmbH-Co.-KG.png\",\"contentUrl\":\"https:\/\/gz-fensterladen.de\/wp-content\/uploads\/2019\/05\/GZ-GmbH-Co.-KG.png\"},{\"@type\":\"BreadcrumbList\",\"@id\":\"https:\/\/gz-fensterladen.de\/ihre-anfrage-wurde-erfolgreich-versendet\/#breadcrumb\",\"itemListElement\":[{\"@type\":\"ListItem\",\"position\":1,\"name\":\"Home\",\"item\":\"https:\/\/gz-fensterladen.de\/\"},{\"@type\":\"ListItem\",\"position\":2,\"name\":\"Ihre Anfrage wurde erfolgreich versendet\"}]},{\"@type\":\"WebSite\",\"@id\":\"https:\/\/gz-fensterladen.de\/#website\",\"url\":\"https:\/\/gz-fensterladen.de\/\",\"name\":\"GZ-Fensterl\u00e4den\",\"description\":\"Alu- und Holz-Fensterl\u00e4den\",\"publisher\":{\"@id\":\"https:\/\/gz-fensterladen.de\/#organization\"},\"potentialAction\":[{\"@type\":\"SearchAction\",\"target\":{\"@type\":\"EntryPoint\",\"urlTemplate\":\"https:\/\/gz-fensterladen.de\/?s={search_term_string}\"},\"query-input\":{\"@type\":\"PropertyValueSpecification\",\"valueRequired\":true,\"valueName\":\"search_term_string\"}}],\"inLanguage\":\"en-GB\"},{\"@type\":\"Organization\",\"@id\":\"https:\/\/gz-fensterladen.de\/#organization\",\"name\":\"GZ-Fensterladen\",\"url\":\"https:\/\/gz-fensterladen.de\/\",\"logo\":{\"@type\":\"ImageObject\",\"inLanguage\":\"en-GB\",\"@id\":\"https:\/\/gz-fensterladen.de\/#\/schema\/logo\/image\/\",\"url\":\"https:\/\/gz-fensterladen.de\/wp-content\/uploads\/2019\/04\/GZ-GmbH-Co.-KG.png\",\"contentUrl\":\"https:\/\/gz-fensterladen.de\/wp-content\/uploads\/2019\/04\/GZ-GmbH-Co.-KG.png\",\"width\":2084,\"height\":1180,\"caption\":\"GZ-Fensterladen\"},\"image\":{\"@id\":\"https:\/\/gz-fensterladen.de\/#\/schema\/logo\/image\/\"},\"sameAs\":[\"https:\/\/www.facebook.com\/gz.fensterlaeden\",\"https:\/\/www.instagram.com\/gz.fensterladen\/\",\"https:\/\/www.youtube.com\/channel\/UCm8tPgBIlOTB4lFnoJtcAug\"]}]}<\/script>\n<!-- \/ Yoast SEO plugin. -->","yoast_head_json":{"title":"Ihre Anfrage wurde erfolgreich versendet - GZ-Fensterl\u00e4den","robots":{"index":"noindex","follow":"nofollow"},"og_locale":"en_GB","og_type":"article","og_title":"Ihre Anfrage wurde erfolgreich versendet - GZ-Fensterl\u00e4den","og_description":"Ihre Anfrage wurde versendet Vielen Dank f\u00fcr Ihre Anfrage. Wir melden uns schnellstm\u00f6glich bei Ihnen zur\u00fcck. Zur Startseite","og_url":"https:\/\/gz-fensterladen.de\/en\/ihre-anfrage-wurde-erfolgreich-versendet\/","og_site_name":"GZ-Fensterl\u00e4den","article_publisher":"https:\/\/www.facebook.com\/gz.fensterlaeden","article_modified_time":"2021-07-21T07:31:54+00:00","og_image":[{"url":"https:\/\/gz-fensterladen.de\/wp-content\/uploads\/2019\/05\/GZ-GmbH-Co.-KG.png","type":"","width":"","height":""}],"twitter_card":"summary_large_image","twitter_misc":{"Estimated reading time":"1 minute"},"schema":{"@context":"https:\/\/schema.org","@graph":[{"@type":"WebPage","@id":"https:\/\/gz-fensterladen.de\/ihre-anfrage-wurde-erfolgreich-versendet\/","url":"https:\/\/gz-fensterladen.de\/ihre-anfrage-wurde-erfolgreich-versendet\/","name":"Ihre Anfrage wurde erfolgreich versendet - GZ-Fensterl\u00e4den","isPartOf":{"@id":"https:\/\/gz-fensterladen.de\/#website"},"primaryImageOfPage":{"@id":"https:\/\/gz-fensterladen.de\/ihre-anfrage-wurde-erfolgreich-versendet\/#primaryimage"},"image":{"@id":"https:\/\/gz-fensterladen.de\/ihre-anfrage-wurde-erfolgreich-versendet\/#primaryimage"},"thumbnailUrl":"https:\/\/gz-fensterladen.de\/wp-content\/uploads\/2019\/05\/GZ-GmbH-Co.-KG.png","datePublished":"2021-07-21T07:26:37+00:00","dateModified":"2021-07-21T07:31:54+00:00","breadcrumb":{"@id":"https:\/\/gz-fensterladen.de\/ihre-anfrage-wurde-erfolgreich-versendet\/#breadcrumb"},"inLanguage":"en-GB","potentialAction":[{"@type":"ReadAction","target":["https:\/\/gz-fensterladen.de\/ihre-anfrage-wurde-erfolgreich-versendet\/"]}]},{"@type":"ImageObject","inLanguage":"en-GB","@id":"https:\/\/gz-fensterladen.de\/ihre-anfrage-wurde-erfolgreich-versendet\/#primaryimage","url":"https:\/\/gz-fensterladen.de\/wp-content\/uploads\/2019\/05\/GZ-GmbH-Co.-KG.png","contentUrl":"https:\/\/gz-fensterladen.de\/wp-content\/uploads\/2019\/05\/GZ-GmbH-Co.-KG.png"},{"@type":"BreadcrumbList","@id":"https:\/\/gz-fensterladen.de\/ihre-anfrage-wurde-erfolgreich-versendet\/#breadcrumb","itemListElement":[{"@type":"ListItem","position":1,"name":"Home","item":"https:\/\/gz-fensterladen.de\/"},{"@type":"ListItem","position":2,"name":"Ihre Anfrage wurde erfolgreich versendet"}]},{"@type":"WebSite","@id":"https:\/\/gz-fensterladen.de\/#website","url":"https:\/\/gz-fensterladen.de\/","name":"Shutters by G+Z","description":"Alu- und Holz-Fensterl\u00e4den","publisher":{"@id":"https:\/\/gz-fensterladen.de\/#organization"},"potentialAction":[{"@type":"SearchAction","target":{"@type":"EntryPoint","urlTemplate":"https:\/\/gz-fensterladen.de\/?s={search_term_string}"},"query-input":{"@type":"PropertyValueSpecification","valueRequired":true,"valueName":"search_term_string"}}],"inLanguage":"en-GB"},{"@type":"Organization","@id":"https:\/\/gz-fensterladen.de\/#organization","name":"GZ-Fensterladen","url":"https:\/\/gz-fensterladen.de\/","logo":{"@type":"ImageObject","inLanguage":"en-GB","@id":"https:\/\/gz-fensterladen.de\/#\/schema\/logo\/image\/","url":"https:\/\/gz-fensterladen.de\/wp-content\/uploads\/2019\/04\/GZ-GmbH-Co.-KG.png","contentUrl":"https:\/\/gz-fensterladen.de\/wp-content\/uploads\/2019\/04\/GZ-GmbH-Co.-KG.png","width":2084,"height":1180,"caption":"GZ-Fensterladen"},"image":{"@id":"https:\/\/gz-fensterladen.de\/#\/schema\/logo\/image\/"},"sameAs":["https:\/\/www.facebook.com\/gz.fensterlaeden","https:\/\/www.instagram.com\/gz.fensterladen\/","https:\/\/www.youtube.com\/channel\/UCm8tPgBIlOTB4lFnoJtcAug"]}]}},"_links":{"self":[{"href":"https:\/\/gz-fensterladen.de\/en\/wp-json\/wp\/v2\/pages\/1843","targetHints":{"allow":["GET"]}}],"collection":[{"href":"https:\/\/gz-fensterladen.de\/en\/wp-json\/wp\/v2\/pages"}],"about":[{"href":"https:\/\/gz-fensterladen.de\/en\/wp-json\/wp\/v2\/types\/page"}],"author":[{"embeddable":true,"href":"https:\/\/gz-fensterladen.de\/en\/wp-json\/wp\/v2\/users\/3"}],"replies":[{"embeddable":true,"href":"https:\/\/gz-fensterladen.de\/en\/wp-json\/wp\/v2\/comments?post=1843"}],"version-history":[{"count":5,"href":"https:\/\/gz-fensterladen.de\/en\/wp-json\/wp\/v2\/pages\/1843\/revisions"}],"predecessor-version":[{"id":1849,"href":"https:\/\/gz-fensterladen.de\/en\/wp-json\/wp\/v2\/pages\/1843\/revisions\/1849"}],"wp:attachment":[{"href":"https:\/\/gz-fensterladen.de\/en\/wp-json\/wp\/v2\/media?parent=1843"}],"curies":[{"name":"wp","href":"https:\/\/api.w.org\/{rel}","templated":true}]}}