{"id":566,"date":"2019-04-29T11:03:51","date_gmt":"2019-04-29T11:03:51","guid":{"rendered":"http:\/\/www.xn--gz-fensterlden-gib.de\/?page_id=566"},"modified":"2021-09-14T13:11:09","modified_gmt":"2021-09-14T11:11:09","slug":"unternehmen","status":"publish","type":"page","link":"https:\/\/gz-fensterladen.de\/en\/unternehmen\/","title":{"rendered":"Abouts us"},"content":{"rendered":"<div data-elementor-type=\"wp-post\" data-elementor-id=\"566\" class=\"elementor elementor-566\" data-elementor-post-type=\"page\">\n\t\t\t\t\t\t<section class=\"elementor-section elementor-top-section elementor-element elementor-element-d76ef10 elementor-section-boxed elementor-section-height-default elementor-section-height-default\" data-id=\"d76ef10\" data-element_type=\"section\" data-e-type=\"section\">\n\t\t\t\t\t\t<div class=\"elementor-container elementor-column-gap-default\">\n\t\t\t\t\t<div class=\"elementor-column elementor-col-100 elementor-top-column elementor-element elementor-element-400950a\" data-id=\"400950a\" data-element_type=\"column\" data-e-type=\"column\">\n\t\t\t<div class=\"elementor-widget-wrap elementor-element-populated\">\n\t\t\t\t\t\t<div class=\"elementor-element elementor-element-654c6cb elementor-widget elementor-widget-spacer\" data-id=\"654c6cb\" data-element_type=\"widget\" data-e-type=\"widget\" data-widget_type=\"spacer.default\">\n\t\t\t\t<div class=\"elementor-widget-container\">\n\t\t\t\t\t\t\t<div class=\"elementor-spacer\">\n\t\t\t<div class=\"elementor-spacer-inner\"><\/div>\n\t\t<\/div>\n\t\t\t\t\t\t<\/div>\n\t\t\t\t<\/div>\n\t\t\t\t<div class=\"elementor-element elementor-element-846b922 elementor-widget elementor-widget-heading\" data-id=\"846b922\" data-element_type=\"widget\" data-e-type=\"widget\" data-widget_type=\"heading.default\">\n\t\t\t\t<div class=\"elementor-widget-container\">\n\t\t\t\t\t<h2 class=\"elementor-heading-title elementor-size-default\">Abouts us<\/h2>\t\t\t\t<\/div>\n\t\t\t\t<\/div>\n\t\t\t\t<div class=\"elementor-element elementor-element-f580477 elementor-widget elementor-widget-text-editor\" data-id=\"f580477\" data-element_type=\"widget\" data-e-type=\"widget\" data-widget_type=\"text-editor.default\">\n\t\t\t\t<div class=\"elementor-widget-container\">\n\t\t\t\t\t\t\t\t\t<p>Gehring &amp; Zimmermann (G+Z) was founded in 1907 by Karl Gehring. Originally, the company was focused on the sawmill and carpentry industry. In early 1935 the company merged with Georg Zimmermann, and has been producing wooden and aluminium shutters since 1954.<\/p><p>Through the many years of experience in shutter construction, as well as continuous product development and innovation, we can now confidently offer you long lasting shutters of the highest of quality.<\/p>\t\t\t\t\t\t\t\t<\/div>\n\t\t\t\t<\/div>\n\t\t\t\t\t<\/div>\n\t\t<\/div>\n\t\t\t\t\t<\/div>\n\t\t<\/section>\n\t\t\t\t<section class=\"elementor-section elementor-top-section elementor-element elementor-element-fe806fe elementor-section-boxed elementor-section-height-default elementor-section-height-default\" data-id=\"fe806fe\" data-element_type=\"section\" data-e-type=\"section\">\n\t\t\t\t\t\t<div class=\"elementor-container elementor-column-gap-default\">\n\t\t\t\t\t<div class=\"elementor-column elementor-col-50 elementor-top-column elementor-element elementor-element-bad1ecd\" data-id=\"bad1ecd\" data-element_type=\"column\" data-e-type=\"column\">\n\t\t\t<div class=\"elementor-widget-wrap elementor-element-populated\">\n\t\t\t\t\t\t<div class=\"elementor-element elementor-element-671169f elementor-widget elementor-widget-image\" data-id=\"671169f\" data-element_type=\"widget\" data-e-type=\"widget\" data-widget_type=\"image.default\">\n\t\t\t\t<div class=\"elementor-widget-container\">\n\t\t\t\t\t\t\t\t\t\t\t\t<figure class=\"wp-caption\">\n\t\t\t\t\t\t\t\t\t\t<img decoding=\"async\" src=\"https:\/\/gz-fensterladen.de\/wp-content\/uploads\/elementor\/thumbs\/Unternehmen-damals-1-q7zlcnv80g4df8u6li94xh9o6v768fosc5p4hbctm8.jpg\" title=\"Unternehmen-damals\" alt=\"Unternehmen-damals\" loading=\"lazy\" \/>\t\t\t\t\t\t\t\t\t\t\t<figcaption class=\"widget-image-caption wp-caption-text\">Back Then<\/figcaption>\n\t\t\t\t\t\t\t\t\t\t<\/figure>\n\t\t\t\t\t\t\t\t\t<\/div>\n\t\t\t\t<\/div>\n\t\t\t\t\t<\/div>\n\t\t<\/div>\n\t\t\t\t<div class=\"elementor-column elementor-col-50 elementor-top-column elementor-element elementor-element-37a1de6\" data-id=\"37a1de6\" data-element_type=\"column\" data-e-type=\"column\">\n\t\t\t<div class=\"elementor-widget-wrap elementor-element-populated\">\n\t\t\t\t\t\t<div class=\"elementor-element elementor-element-05334bb elementor-widget elementor-widget-image\" data-id=\"05334bb\" data-element_type=\"widget\" data-e-type=\"widget\" data-widget_type=\"image.default\">\n\t\t\t\t<div class=\"elementor-widget-container\">\n\t\t\t\t\t\t\t\t\t\t\t\t<figure class=\"wp-caption\">\n\t\t\t\t\t\t\t\t\t\t<img decoding=\"async\" src=\"https:\/\/gz-fensterladen.de\/wp-content\/uploads\/elementor\/thumbs\/Unternehmen-heute-1-q7zld7ltzyve721ie8savuacnyhvq2v5evebk4jjzk.jpg\" title=\"Unternehmen-heute\" alt=\"Unternehmen-heute\" loading=\"lazy\" \/>\t\t\t\t\t\t\t\t\t\t\t<figcaption class=\"widget-image-caption wp-caption-text\">Today<\/figcaption>\n\t\t\t\t\t\t\t\t\t\t<\/figure>\n\t\t\t\t\t\t\t\t\t<\/div>\n\t\t\t\t<\/div>\n\t\t\t\t\t<\/div>\n\t\t<\/div>\n\t\t\t\t\t<\/div>\n\t\t<\/section>\n\t\t\t\t<section class=\"elementor-section elementor-top-section elementor-element elementor-element-f701284 elementor-section-boxed elementor-section-height-default elementor-section-height-default\" data-id=\"f701284\" data-element_type=\"section\" data-e-type=\"section\">\n\t\t\t\t\t\t<div class=\"elementor-container elementor-column-gap-default\">\n\t\t\t\t\t<div class=\"elementor-column elementor-col-100 elementor-top-column elementor-element elementor-element-da713fb\" data-id=\"da713fb\" data-element_type=\"column\" data-e-type=\"column\">\n\t\t\t<div class=\"elementor-widget-wrap elementor-element-populated\">\n\t\t\t\t\t\t<div class=\"elementor-element elementor-element-37fdd29 elementor-hidden-phone elementor-widget elementor-widget-spacer\" data-id=\"37fdd29\" data-element_type=\"widget\" data-e-type=\"widget\" data-widget_type=\"spacer.default\">\n\t\t\t\t<div class=\"elementor-widget-container\">\n\t\t\t\t\t\t\t<div class=\"elementor-spacer\">\n\t\t\t<div class=\"elementor-spacer-inner\"><\/div>\n\t\t<\/div>\n\t\t\t\t\t\t<\/div>\n\t\t\t\t<\/div>\n\t\t\t\t<div class=\"elementor-element elementor-element-0e46e0d elementor-widget elementor-widget-text-editor\" data-id=\"0e46e0d\" data-element_type=\"widget\" data-e-type=\"widget\" data-widget_type=\"text-editor.default\">\n\t\t\t\t<div class=\"elementor-widget-container\">\n\t\t\t\t\t\t\t\t\t<p>Our client list consists of over 2,000 merchants and specialist companies in Europe that trust in our ability to deliver top of the line products. Our flexible production facilities not only allow us to manufacture products from our standard range, but also customise them to your specifications.<\/p><p>We have already proven ourselves in the field of monument protection and renovation many times over the years. Challenge us!<\/p>\t\t\t\t\t\t\t\t<\/div>\n\t\t\t\t<\/div>\n\t\t\t\t<div class=\"elementor-element elementor-element-6479b83 elementor-widget elementor-widget-spacer\" data-id=\"6479b83\" data-element_type=\"widget\" data-e-type=\"widget\" data-widget_type=\"spacer.default\">\n\t\t\t\t<div class=\"elementor-widget-container\">\n\t\t\t\t\t\t\t<div class=\"elementor-spacer\">\n\t\t\t<div class=\"elementor-spacer-inner\"><\/div>\n\t\t<\/div>\n\t\t\t\t\t\t<\/div>\n\t\t\t\t<\/div>\n\t\t\t\t\t<\/div>\n\t\t<\/div>\n\t\t\t\t\t<\/div>\n\t\t<\/section>\n\t\t\t\t<section class=\"elementor-section elementor-top-section elementor-element elementor-element-173077b elementor-section-boxed elementor-section-height-default elementor-section-height-default\" data-id=\"173077b\" data-element_type=\"section\" data-e-type=\"section\">\n\t\t\t\t\t\t<div class=\"elementor-container elementor-column-gap-default\">\n\t\t\t\t\t<div class=\"elementor-column elementor-col-16 elementor-top-column elementor-element elementor-element-8ebf13e\" data-id=\"8ebf13e\" data-element_type=\"column\" data-e-type=\"column\">\n\t\t\t<div class=\"elementor-widget-wrap\">\n\t\t\t\t\t\t\t<\/div>\n\t\t<\/div>\n\t\t\t\t<div class=\"elementor-column elementor-col-66 elementor-top-column elementor-element elementor-element-86f6043\" data-id=\"86f6043\" data-element_type=\"column\" data-e-type=\"column\">\n\t\t\t<div class=\"elementor-widget-wrap elementor-element-populated\">\n\t\t\t\t\t\t<div class=\"elementor-element elementor-element-6455085 elementor-widget elementor-widget-text-editor\" data-id=\"6455085\" data-element_type=\"widget\" data-e-type=\"widget\" data-widget_type=\"text-editor.default\">\n\t\t\t\t<div class=\"elementor-widget-container\">\n\t\t\t\t\t\t\t\t\t<p style=\"text-align: center;\">\n<div class=\"wpcf7 no-js\" id=\"wpcf7-f1839-o1\" lang=\"de-DE\" dir=\"ltr\" data-wpcf7-id=\"1839\">\n<div class=\"screen-reader-response\"><p role=\"status\" aria-live=\"polite\" aria-atomic=\"true\"><\/p> <ul><\/ul><\/div>\n<form action=\"\/en\/wp-json\/wp\/v2\/pages\/566#wpcf7-f1839-o1\" method=\"post\" class=\"wpcf7-form init\" aria-label=\"Kontaktformular\" novalidate=\"novalidate\" data-status=\"init\" data-trp-original-action=\"\/en\/wp-json\/wp\/v2\/pages\/566#wpcf7-f1839-o1\">\n<fieldset class=\"hidden-fields-container\"><input type=\"hidden\" name=\"_wpcf7\" value=\"1839\" \/><input type=\"hidden\" name=\"_wpcf7_version\" value=\"6.1.5\" \/><input type=\"hidden\" name=\"_wpcf7_locale\" value=\"de_DE\" \/><input type=\"hidden\" name=\"_wpcf7_unit_tag\" value=\"wpcf7-f1839-o1\" \/><input type=\"hidden\" name=\"_wpcf7_container_post\" value=\"0\" \/><input type=\"hidden\" name=\"_wpcf7_posted_data_hash\" value=\"\" \/>\n<\/fieldset>\n<p><script>\ndocument.addEventListener( 'wpcf7mailsent', function( event ) {\n location = 'https:\/\/gz-fensterladen.de\/ihre-anfrage-wurde-erfolgreich-versendet\/';\n}, false );\n<\/script>\n<\/p>\n<div id=\"kontaktformular\">\n\t<div id=\"cfhide\"><!--Formular-Container-->\n\t\t<h2 style=\"text-align:center;color:#95c11f;\">Let's Get in Touch!\n\t\t<\/h2>\n\t\t<p style=\"text-align:justify;color:black;\">In a one-on-one meeting, we can go into more detail about your requirements, answer questions and bring you closer to our way of working. After successfully submitting the form, we will contact you as soon as possible so that we can work together on your goal! You are also welcome to send us an <a style=\"color:#bada55;font-weight:bold;text-shadow:0.08em 0.08em 0em #black;\" href=\"mailto:info@gz-fensterladen.de\" target=\"_blank\">Email<\/a> .\n\t\t<\/p>\n\t\t<p><span class=\"wpcf7-form-control-wrap\" data-name=\"your-name\"><input size=\"40\" maxlength=\"400\" class=\"wpcf7-form-control wpcf7-text wpcf7-validates-as-required kontakt-startseite\" id=\"your-name\" aria-required=\"true\" aria-invalid=\"false\" placeholder=\"First and Last Name\" value=\"\" type=\"text\" name=\"your-name\" \/><\/span>\n\t\t<\/p>\n\t\t<p><span id=\"wpcf7-69e4734b68554-wrapper\" class=\"wpcf7-form-control-wrap Spitzname-wrap\" style=\"display:none !important; visibility:hidden !important;\"><label for=\"wpcf7-69e4734b68554-field\" class=\"hp-message\">Bitte lasse dieses Feld leer.<\/label><input id=\"wpcf7-69e4734b68554-field\"  class=\"wpcf7-form-control wpcf7-text\" type=\"text\" name=\"Spitzname\" value=\"\" size=\"40\" tabindex=\"-1\" autocomplete=\"new-password\" \/><\/span>\n\t\t<\/p>\n\t\t<p><span class=\"wpcf7-form-control-wrap\" data-name=\"your-company\"><input size=\"40\" maxlength=\"400\" class=\"wpcf7-form-control wpcf7-text kontakt-startseite\" id=\"your-company\" aria-invalid=\"false\" placeholder=\"Company Name (Optional)\" value=\"\" type=\"text\" name=\"your-company\" \/><\/span>\n\t\t<\/p>\n\t\t<p><span id=\"wpcf7-69e4734b685f3-wrapper\" class=\"wpcf7-form-control-wrap Firmenadresse-wrap\" style=\"display:none !important; visibility:hidden !important;\"><label for=\"wpcf7-69e4734b685f3-field\" class=\"hp-message\">Bitte lasse dieses Feld leer.<\/label><input id=\"wpcf7-69e4734b685f3-field\"  class=\"wpcf7-form-control wpcf7-text\" type=\"text\" name=\"Firmenadresse\" value=\"\" size=\"40\" tabindex=\"-1\" autocomplete=\"new-password\" \/><\/span>\n\t\t<\/p>\n\t\t<p><span class=\"wpcf7-form-control-wrap\" data-name=\"E-mail\"><input size=\"40\" maxlength=\"400\" class=\"wpcf7-form-control wpcf7-email wpcf7-validates-as-required wpcf7-text wpcf7-validates-as-email kontakt-startseite\" id=\"your-e-mail\" aria-required=\"true\" aria-invalid=\"false\" placeholder=\"Email\" value=\"\" type=\"email\" name=\"E-mail\" \/><\/span>\n\t\t<\/p>\n\t\t<p><span id=\"wpcf7-69e4734b68672-wrapper\" class=\"wpcf7-form-control-wrap Festnetz-wrap\" style=\"display:none !important; visibility:hidden !important;\"><label for=\"wpcf7-69e4734b68672-field\" class=\"hp-message\">Bitte lasse dieses Feld leer.<\/label><input id=\"wpcf7-69e4734b68672-field\"  class=\"wpcf7-form-control wpcf7-text\" type=\"text\" name=\"Festnetz\" value=\"\" size=\"40\" tabindex=\"-1\" autocomplete=\"new-password\" \/><\/span>\n\t\t<\/p>\n\t\t<p><span class=\"wpcf7-form-control-wrap\" data-name=\"your-telephone\"><input size=\"40\" maxlength=\"400\" class=\"wpcf7-form-control wpcf7-tel wpcf7-validates-as-required wpcf7-text wpcf7-validates-as-tel kontakt-startseite\" id=\"your-telephone\" aria-required=\"true\" aria-invalid=\"false\" placeholder=\"Tel.\" value=\"\" type=\"tel\" name=\"your-telephone\" \/><\/span>\n\t\t<\/p>\n\t\t<p><span id=\"wpcf7-69e4734b686e5-wrapper\" class=\"wpcf7-form-control-wrap Mobiltelefon-wrap\" style=\"display:none !important; visibility:hidden !important;\"><label for=\"wpcf7-69e4734b686e5-field\" class=\"hp-message\">Bitte lasse dieses Feld leer.<\/label><input id=\"wpcf7-69e4734b686e5-field\"  class=\"wpcf7-form-control wpcf7-text\" type=\"text\" name=\"Mobiltelefon\" value=\"\" size=\"40\" tabindex=\"-1\" autocomplete=\"new-password\" \/><\/span>\n\t\t<\/p>\n\t\t<p><span class=\"wpcf7-form-control-wrap\" data-name=\"Anliegen\"><textarea cols=\"40\" rows=\"10\" maxlength=\"2000\" class=\"wpcf7-form-control wpcf7-textarea wpcf7-validates-as-required kontakt-startseite\" id=\"your-concern\" aria-required=\"true\" aria-invalid=\"false\" placeholder=\"Ihre Nachricht - Zum Beispiel: Frage wegen eines konkreten Produktes\" name=\"Anliegen\"><\/textarea><\/span>\n\t\t<\/p>\n\t\t<p><span id=\"wpcf7-69e4734b687a4-wrapper\" class=\"wpcf7-form-control-wrap StrasseHausnummer-wrap\" style=\"display:none !important; visibility:hidden !important;\"><label for=\"wpcf7-69e4734b687a4-field\" class=\"hp-message\">Bitte lasse dieses Feld leer.<\/label><input id=\"wpcf7-69e4734b687a4-field\"  class=\"wpcf7-form-control wpcf7-text\" type=\"text\" name=\"StrasseHausnummer\" value=\"\" size=\"40\" tabindex=\"-1\" autocomplete=\"new-password\" \/><\/span>\n\t\t<\/p>\n\t\t<p><span class=\"wpcf7-form-control-wrap\" data-name=\"math-quiz\"><label><span class=\"wpcf7-quiz-label\">12+4=?<\/span> <input size=\"40\" class=\"wpcf7-form-control wpcf7-quiz\" autocomplete=\"off\" aria-required=\"true\" aria-invalid=\"false\" type=\"text\" name=\"math-quiz\" \/><\/label><input type=\"hidden\" name=\"_wpcf7_quiz_answer_math-quiz\" value=\"7c5f0e4f25f47ffa3e61c14e190370de\" \/><\/span>\n\t\t<\/p>\n\t\t<p style=\"text-align:justify;color:black;\"> Your data will be transmitted in encrypted form and used to contact you. You consent to the processing of your data and thus also to the <a style=\"color:#bada55;font-weight:bold;\" href=\"https:\/\/gz-fensterladen.de\/en\/datenschutzerklaerung\/\" target=\"blank\">Data protection<\/a>.\n\t\t<\/p>\n\t\t<p><input class=\"wpcf7-form-control wpcf7-submit has-spinner et_pb_button et_pb_custom_button_icon et_pb_button_0 et_pb_bg_layout_light\" type=\"submit\" value=\"Send!\" \/>\n\t\t<\/p>\n\t<\/div><!--Ende Formular-Container-->\n\t<div id=\"cfhideantwortzeigen\">\n\t<\/div><!-- Ende des Antwort-Containers cfhideantwortzeigen-->\n<\/div><!-- Ende des Kontaktformular-Containers kontaktformular--><div class=\"wpcf7-response-output\" aria-hidden=\"true\"><\/div>\n<input type=\"hidden\" name=\"trp-form-language\" value=\"en\"\/><\/form>\n<\/div>\n<\/p>\t\t\t\t\t\t\t\t<\/div>\n\t\t\t\t<\/div>\n\t\t\t\t\t<\/div>\n\t\t<\/div>\n\t\t\t\t<div class=\"elementor-column elementor-col-16 elementor-top-column elementor-element elementor-element-2bbb084\" data-id=\"2bbb084\" data-element_type=\"column\" data-e-type=\"column\">\n\t\t\t<div class=\"elementor-widget-wrap\">\n\t\t\t\t\t\t\t<\/div>\n\t\t<\/div>\n\t\t\t\t\t<\/div>\n\t\t<\/section>\n\t\t\t\t<\/div>","protected":false},"excerpt":{"rendered":"<p>Unternehmen Gehring &amp; Zimmermann wurde 1907 von Karl Gehring gegr\u00fcndet. Urspr\u00fcnglich war der Betrieb auf den S\u00e4gewerks- und Zimmereibetrieb ausgerichtet. Bereits 1935 fusionierte der Betrieb mit Georg Zimmermann und seit 1954 produzieren wir Fenster- und Klappl\u00e4den. Durch die langj\u00e4hrige Erfahrung im Fensterladenbau, als auch die stetige Weiterentwicklung unserer Produkte k\u00f6nnen wir Ihnen heute L\u00e4den in [&hellip;]<\/p>\n","protected":false},"author":3,"featured_media":0,"parent":0,"menu_order":0,"comment_status":"closed","ping_status":"closed","template":"elementor_header_footer","meta":{"footnotes":""},"class_list":["post-566","page","type-page","status-publish","hentry"],"yoast_head":"<!-- This site is optimized with the Yoast SEO plugin v27.1.1 - https:\/\/yoast.com\/product\/yoast-seo-wordpress\/ -->\n<title>Unternehmen \u2013 Qualit\u00e4t Made in Allg\u00e4u - GZ-Fensterl\u00e4den<\/title>\n<meta name=\"description\" content=\"GZ-Fensterl\u00e4den, ihr Premium Fensterladen-Experte aus dem Allg\u00e4u in Deutschland mit langj\u00e4hriger Tradition und Erfahrung.\" \/>\n<meta name=\"robots\" content=\"index, follow, max-snippet:-1, max-image-preview:large, max-video-preview:-1\" \/>\n<link rel=\"canonical\" href=\"https:\/\/gz-fensterladen.de\/en\/unternehmen\/\" \/>\n<meta property=\"og:locale\" content=\"en_GB\" \/>\n<meta property=\"og:type\" content=\"article\" \/>\n<meta property=\"og:title\" content=\"Unternehmen \u2013 Qualit\u00e4t Made in Allg\u00e4u - GZ-Fensterl\u00e4den\" \/>\n<meta property=\"og:description\" content=\"GZ-Fensterl\u00e4den, ihr Premium Fensterladen-Experte aus dem Allg\u00e4u in Deutschland mit langj\u00e4hriger Tradition und Erfahrung.\" \/>\n<meta property=\"og:url\" content=\"https:\/\/gz-fensterladen.de\/en\/unternehmen\/\" \/>\n<meta property=\"og:site_name\" content=\"GZ-Fensterl\u00e4den\" \/>\n<meta property=\"article:publisher\" content=\"https:\/\/www.facebook.com\/gz.fensterlaeden\" \/>\n<meta property=\"article:modified_time\" content=\"2021-09-14T11:11:09+00:00\" \/>\n<meta property=\"og:image\" content=\"https:\/\/gz-fensterladen.de\/wp-content\/uploads\/elementor\/thumbs\/Unternehmen-damals-1-o97cucshpl04k54pm10ofymioxv1g3t3rzghjg8mi8.jpg\" \/>\n<meta name=\"twitter:card\" content=\"summary_large_image\" \/>\n<meta name=\"twitter:label1\" content=\"Estimated reading time\" \/>\n\t<meta name=\"twitter:data1\" content=\"1 minute\" \/>\n<script type=\"application\/ld+json\" class=\"yoast-schema-graph\">{\"@context\":\"https:\/\/schema.org\",\"@graph\":[{\"@type\":\"WebPage\",\"@id\":\"https:\/\/gz-fensterladen.de\/unternehmen\/\",\"url\":\"https:\/\/gz-fensterladen.de\/unternehmen\/\",\"name\":\"Unternehmen \u2013 Qualit\u00e4t Made in Allg\u00e4u - GZ-Fensterl\u00e4den\",\"isPartOf\":{\"@id\":\"https:\/\/gz-fensterladen.de\/#website\"},\"primaryImageOfPage\":{\"@id\":\"https:\/\/gz-fensterladen.de\/unternehmen\/#primaryimage\"},\"image\":{\"@id\":\"https:\/\/gz-fensterladen.de\/unternehmen\/#primaryimage\"},\"thumbnailUrl\":\"https:\/\/gz-fensterladen.de\/wp-content\/uploads\/elementor\/thumbs\/Unternehmen-damals-1-o97cucshpl04k54pm10ofymioxv1g3t3rzghjg8mi8.jpg\",\"datePublished\":\"2019-04-29T11:03:51+00:00\",\"dateModified\":\"2021-09-14T11:11:09+00:00\",\"description\":\"GZ-Fensterl\u00e4den, ihr Premium Fensterladen-Experte aus dem Allg\u00e4u in Deutschland mit langj\u00e4hriger Tradition und Erfahrung.\",\"breadcrumb\":{\"@id\":\"https:\/\/gz-fensterladen.de\/unternehmen\/#breadcrumb\"},\"inLanguage\":\"en-GB\",\"potentialAction\":[{\"@type\":\"ReadAction\",\"target\":[\"https:\/\/gz-fensterladen.de\/unternehmen\/\"]}]},{\"@type\":\"ImageObject\",\"inLanguage\":\"en-GB\",\"@id\":\"https:\/\/gz-fensterladen.de\/unternehmen\/#primaryimage\",\"url\":\"https:\/\/gz-fensterladen.de\/wp-content\/uploads\/elementor\/thumbs\/Unternehmen-damals-1-o97cucshpl04k54pm10ofymioxv1g3t3rzghjg8mi8.jpg\",\"contentUrl\":\"https:\/\/gz-fensterladen.de\/wp-content\/uploads\/elementor\/thumbs\/Unternehmen-damals-1-o97cucshpl04k54pm10ofymioxv1g3t3rzghjg8mi8.jpg\"},{\"@type\":\"BreadcrumbList\",\"@id\":\"https:\/\/gz-fensterladen.de\/unternehmen\/#breadcrumb\",\"itemListElement\":[{\"@type\":\"ListItem\",\"position\":1,\"name\":\"Home\",\"item\":\"https:\/\/gz-fensterladen.de\/\"},{\"@type\":\"ListItem\",\"position\":2,\"name\":\"Unternehmen\"}]},{\"@type\":\"WebSite\",\"@id\":\"https:\/\/gz-fensterladen.de\/#website\",\"url\":\"https:\/\/gz-fensterladen.de\/\",\"name\":\"GZ-Fensterl\u00e4den\",\"description\":\"Alu- und Holz-Fensterl\u00e4den\",\"publisher\":{\"@id\":\"https:\/\/gz-fensterladen.de\/#organization\"},\"potentialAction\":[{\"@type\":\"SearchAction\",\"target\":{\"@type\":\"EntryPoint\",\"urlTemplate\":\"https:\/\/gz-fensterladen.de\/?s={search_term_string}\"},\"query-input\":{\"@type\":\"PropertyValueSpecification\",\"valueRequired\":true,\"valueName\":\"search_term_string\"}}],\"inLanguage\":\"en-GB\"},{\"@type\":\"Organization\",\"@id\":\"https:\/\/gz-fensterladen.de\/#organization\",\"name\":\"GZ-Fensterladen\",\"url\":\"https:\/\/gz-fensterladen.de\/\",\"logo\":{\"@type\":\"ImageObject\",\"inLanguage\":\"en-GB\",\"@id\":\"https:\/\/gz-fensterladen.de\/#\/schema\/logo\/image\/\",\"url\":\"https:\/\/gz-fensterladen.de\/wp-content\/uploads\/2019\/04\/GZ-GmbH-Co.-KG.png\",\"contentUrl\":\"https:\/\/gz-fensterladen.de\/wp-content\/uploads\/2019\/04\/GZ-GmbH-Co.-KG.png\",\"width\":2084,\"height\":1180,\"caption\":\"GZ-Fensterladen\"},\"image\":{\"@id\":\"https:\/\/gz-fensterladen.de\/#\/schema\/logo\/image\/\"},\"sameAs\":[\"https:\/\/www.facebook.com\/gz.fensterlaeden\",\"https:\/\/www.instagram.com\/gz.fensterladen\/\",\"https:\/\/www.youtube.com\/channel\/UCm8tPgBIlOTB4lFnoJtcAug\"]}]}<\/script>\n<!-- \/ Yoast SEO plugin. -->","yoast_head_json":{"title":"Unternehmen \u2013 Qualit\u00e4t Made in Allg\u00e4u - GZ-Fensterl\u00e4den","description":"GZ-Fensterl\u00e4den, ihr Premium Fensterladen-Experte aus dem Allg\u00e4u in Deutschland mit langj\u00e4hriger Tradition und Erfahrung.","robots":{"index":"index","follow":"follow","max-snippet":"max-snippet:-1","max-image-preview":"max-image-preview:large","max-video-preview":"max-video-preview:-1"},"canonical":"https:\/\/gz-fensterladen.de\/en\/unternehmen\/","og_locale":"en_GB","og_type":"article","og_title":"Unternehmen \u2013 Qualit\u00e4t Made in Allg\u00e4u - GZ-Fensterl\u00e4den","og_description":"GZ-Fensterl\u00e4den, ihr Premium Fensterladen-Experte aus dem Allg\u00e4u in Deutschland mit langj\u00e4hriger Tradition und Erfahrung.","og_url":"https:\/\/gz-fensterladen.de\/en\/unternehmen\/","og_site_name":"GZ-Fensterl\u00e4den","article_publisher":"https:\/\/www.facebook.com\/gz.fensterlaeden","article_modified_time":"2021-09-14T11:11:09+00:00","og_image":[{"url":"https:\/\/gz-fensterladen.de\/wp-content\/uploads\/elementor\/thumbs\/Unternehmen-damals-1-o97cucshpl04k54pm10ofymioxv1g3t3rzghjg8mi8.jpg","type":"","width":"","height":""}],"twitter_card":"summary_large_image","twitter_misc":{"Estimated reading time":"1 minute"},"schema":{"@context":"https:\/\/schema.org","@graph":[{"@type":"WebPage","@id":"https:\/\/gz-fensterladen.de\/unternehmen\/","url":"https:\/\/gz-fensterladen.de\/unternehmen\/","name":"Unternehmen \u2013 Qualit\u00e4t Made in Allg\u00e4u - GZ-Fensterl\u00e4den","isPartOf":{"@id":"https:\/\/gz-fensterladen.de\/#website"},"primaryImageOfPage":{"@id":"https:\/\/gz-fensterladen.de\/unternehmen\/#primaryimage"},"image":{"@id":"https:\/\/gz-fensterladen.de\/unternehmen\/#primaryimage"},"thumbnailUrl":"https:\/\/gz-fensterladen.de\/wp-content\/uploads\/elementor\/thumbs\/Unternehmen-damals-1-o97cucshpl04k54pm10ofymioxv1g3t3rzghjg8mi8.jpg","datePublished":"2019-04-29T11:03:51+00:00","dateModified":"2021-09-14T11:11:09+00:00","description":"GZ-Fensterl\u00e4den, ihr Premium Fensterladen-Experte aus dem Allg\u00e4u in Deutschland mit langj\u00e4hriger Tradition und Erfahrung.","breadcrumb":{"@id":"https:\/\/gz-fensterladen.de\/unternehmen\/#breadcrumb"},"inLanguage":"en-GB","potentialAction":[{"@type":"ReadAction","target":["https:\/\/gz-fensterladen.de\/unternehmen\/"]}]},{"@type":"ImageObject","inLanguage":"en-GB","@id":"https:\/\/gz-fensterladen.de\/unternehmen\/#primaryimage","url":"https:\/\/gz-fensterladen.de\/wp-content\/uploads\/elementor\/thumbs\/Unternehmen-damals-1-o97cucshpl04k54pm10ofymioxv1g3t3rzghjg8mi8.jpg","contentUrl":"https:\/\/gz-fensterladen.de\/wp-content\/uploads\/elementor\/thumbs\/Unternehmen-damals-1-o97cucshpl04k54pm10ofymioxv1g3t3rzghjg8mi8.jpg"},{"@type":"BreadcrumbList","@id":"https:\/\/gz-fensterladen.de\/unternehmen\/#breadcrumb","itemListElement":[{"@type":"ListItem","position":1,"name":"Home","item":"https:\/\/gz-fensterladen.de\/"},{"@type":"ListItem","position":2,"name":"Unternehmen"}]},{"@type":"WebSite","@id":"https:\/\/gz-fensterladen.de\/#website","url":"https:\/\/gz-fensterladen.de\/","name":"Shutters by G+Z","description":"Alu- und Holz-Fensterl\u00e4den","publisher":{"@id":"https:\/\/gz-fensterladen.de\/#organization"},"potentialAction":[{"@type":"SearchAction","target":{"@type":"EntryPoint","urlTemplate":"https:\/\/gz-fensterladen.de\/?s={search_term_string}"},"query-input":{"@type":"PropertyValueSpecification","valueRequired":true,"valueName":"search_term_string"}}],"inLanguage":"en-GB"},{"@type":"Organization","@id":"https:\/\/gz-fensterladen.de\/#organization","name":"GZ-Fensterladen","url":"https:\/\/gz-fensterladen.de\/","logo":{"@type":"ImageObject","inLanguage":"en-GB","@id":"https:\/\/gz-fensterladen.de\/#\/schema\/logo\/image\/","url":"https:\/\/gz-fensterladen.de\/wp-content\/uploads\/2019\/04\/GZ-GmbH-Co.-KG.png","contentUrl":"https:\/\/gz-fensterladen.de\/wp-content\/uploads\/2019\/04\/GZ-GmbH-Co.-KG.png","width":2084,"height":1180,"caption":"GZ-Fensterladen"},"image":{"@id":"https:\/\/gz-fensterladen.de\/#\/schema\/logo\/image\/"},"sameAs":["https:\/\/www.facebook.com\/gz.fensterlaeden","https:\/\/www.instagram.com\/gz.fensterladen\/","https:\/\/www.youtube.com\/channel\/UCm8tPgBIlOTB4lFnoJtcAug"]}]}},"_links":{"self":[{"href":"https:\/\/gz-fensterladen.de\/en\/wp-json\/wp\/v2\/pages\/566","targetHints":{"allow":["GET"]}}],"collection":[{"href":"https:\/\/gz-fensterladen.de\/en\/wp-json\/wp\/v2\/pages"}],"about":[{"href":"https:\/\/gz-fensterladen.de\/en\/wp-json\/wp\/v2\/types\/page"}],"author":[{"embeddable":true,"href":"https:\/\/gz-fensterladen.de\/en\/wp-json\/wp\/v2\/users\/3"}],"replies":[{"embeddable":true,"href":"https:\/\/gz-fensterladen.de\/en\/wp-json\/wp\/v2\/comments?post=566"}],"version-history":[{"count":19,"href":"https:\/\/gz-fensterladen.de\/en\/wp-json\/wp\/v2\/pages\/566\/revisions"}],"predecessor-version":[{"id":1929,"href":"https:\/\/gz-fensterladen.de\/en\/wp-json\/wp\/v2\/pages\/566\/revisions\/1929"}],"wp:attachment":[{"href":"https:\/\/gz-fensterladen.de\/en\/wp-json\/wp\/v2\/media?parent=566"}],"curies":[{"name":"wp","href":"https:\/\/api.w.org\/{rel}","templated":true}]}}