{"id":967,"date":"2019-05-02T11:24:33","date_gmt":"2019-05-02T11:24:33","guid":{"rendered":"http:\/\/www.xn--gz-fensterlden-gib.de\/?page_id=967"},"modified":"2021-07-14T10:40:16","modified_gmt":"2021-07-14T08:40:16","slug":"sonderformen","status":"publish","type":"page","link":"https:\/\/gz-fensterladen.de\/en\/sonderformen\/","title":{"rendered":"Special Shapes"},"content":{"rendered":"<div data-elementor-type=\"wp-post\" data-elementor-id=\"967\" class=\"elementor elementor-967\" data-elementor-post-type=\"page\">\n\t\t\t\t\t\t<section class=\"elementor-section elementor-top-section elementor-element elementor-element-d76ef10 elementor-section-boxed elementor-section-height-default elementor-section-height-default\" data-id=\"d76ef10\" data-element_type=\"section\" data-e-type=\"section\">\n\t\t\t\t\t\t<div class=\"elementor-container elementor-column-gap-default\">\n\t\t\t\t\t<div class=\"elementor-column elementor-col-100 elementor-top-column elementor-element elementor-element-400950a\" data-id=\"400950a\" data-element_type=\"column\" data-e-type=\"column\">\n\t\t\t<div class=\"elementor-widget-wrap elementor-element-populated\">\n\t\t\t\t\t\t<div class=\"elementor-element elementor-element-e05fe38 elementor-widget elementor-widget-spacer\" data-id=\"e05fe38\" data-element_type=\"widget\" data-e-type=\"widget\" data-widget_type=\"spacer.default\">\n\t\t\t\t<div class=\"elementor-widget-container\">\n\t\t\t\t\t\t\t<div class=\"elementor-spacer\">\n\t\t\t<div class=\"elementor-spacer-inner\"><\/div>\n\t\t<\/div>\n\t\t\t\t\t\t<\/div>\n\t\t\t\t<\/div>\n\t\t\t\t<div class=\"elementor-element elementor-element-846b922 elementor-widget elementor-widget-heading\" data-id=\"846b922\" data-element_type=\"widget\" data-e-type=\"widget\" data-widget_type=\"heading.default\">\n\t\t\t\t<div class=\"elementor-widget-container\">\n\t\t\t\t\t<h2 class=\"elementor-heading-title elementor-size-default\">Special Shapes<\/h2>\t\t\t\t<\/div>\n\t\t\t\t<\/div>\n\t\t\t\t<div class=\"elementor-element elementor-element-f580477 elementor-widget elementor-widget-text-editor\" data-id=\"f580477\" data-element_type=\"widget\" data-e-type=\"widget\" data-widget_type=\"text-editor.default\">\n\t\t\t\t<div class=\"elementor-widget-container\">\n\t\t\t\t\t\t\t\t\t<p>Being the manufacturer of all our products we are able to offer a variety of custom forms, shapes and sizes.<\/p><p><span style=\"font-family: 'Open Sans'; font-size: 18px; font-style: normal; font-weight: 400;\">Mixed fillings, different frame widths and thicknesses, personalised cutouts, etc.are all possible.<\/span><\/p><p><span style=\"font-family: 'Open Sans'; font-size: 18px; font-style: normal; font-weight: 400;\">Combinations of aluminium, wood and steel are also possible.<\/span><\/p><p class=\"translation-block\">If you have any questions, please do not hesitate to contact us.<\/p>\t\t\t\t\t\t\t\t<\/div>\n\t\t\t\t<\/div>\n\t\t\t\t<div class=\"elementor-element elementor-element-7111861 elementor-hidden-phone elementor-widget elementor-widget-spacer\" data-id=\"7111861\" data-element_type=\"widget\" data-e-type=\"widget\" data-widget_type=\"spacer.default\">\n\t\t\t\t<div class=\"elementor-widget-container\">\n\t\t\t\t\t\t\t<div class=\"elementor-spacer\">\n\t\t\t<div class=\"elementor-spacer-inner\"><\/div>\n\t\t<\/div>\n\t\t\t\t\t\t<\/div>\n\t\t\t\t<\/div>\n\t\t\t\t\t<\/div>\n\t\t<\/div>\n\t\t\t\t\t<\/div>\n\t\t<\/section>\n\t\t\t\t<section class=\"elementor-section elementor-top-section elementor-element elementor-element-fe806fe elementor-section-boxed elementor-section-height-default elementor-section-height-default\" data-id=\"fe806fe\" data-element_type=\"section\" data-e-type=\"section\">\n\t\t\t\t\t\t<div class=\"elementor-container elementor-column-gap-default\">\n\t\t\t\t\t<div class=\"elementor-column elementor-col-50 elementor-top-column elementor-element elementor-element-bad1ecd\" data-id=\"bad1ecd\" data-element_type=\"column\" data-e-type=\"column\">\n\t\t\t<div class=\"elementor-widget-wrap elementor-element-populated\">\n\t\t\t\t\t\t<div class=\"elementor-element elementor-element-671169f elementor-widget elementor-widget-image\" data-id=\"671169f\" data-element_type=\"widget\" data-e-type=\"widget\" data-widget_type=\"image.default\">\n\t\t\t\t<div class=\"elementor-widget-container\">\n\t\t\t\t\t\t\t\t\t\t\t\t\t\t\t\t<a href=\"http:\/\/www.xn--gz-fensterlden-gib.de\/wp-content\/uploads\/2019\/05\/black-shutter-house.jpg\" data-elementor-open-lightbox=\"yes\" data-elementor-lightbox-title=\"Sonderformen\" data-e-action-hash=\"#elementor-action%3Aaction%3Dlightbox%26settings%3DeyJpZCI6OTY5LCJ1cmwiOiJodHRwczpcL1wvZ3otZmVuc3RlcmxhZGVuLmRlXC93cC1jb250ZW50XC91cGxvYWRzXC8yMDE5XC8wNVwvYmxhY2stc2h1dHRlci1ob3VzZS5qcGcifQ%3D%3D\">\n\t\t\t\t\t\t\t<img decoding=\"async\" src=\"https:\/\/gz-fensterladen.de\/wp-content\/uploads\/elementor\/thumbs\/black-shutter-house-q7zldoixeziu8c12thfte9xnjtel7kpwrxvz7l3yec.jpg\" title=\"Special Shapes\" alt=\"Sonderformen\" loading=\"lazy\" \/>\t\t\t\t\t\t\t\t<\/a>\n\t\t\t\t\t\t\t\t\t\t\t\t\t\t\t<\/div>\n\t\t\t\t<\/div>\n\t\t\t\t<div class=\"elementor-element elementor-element-acdc59e elementor-widget elementor-widget-image\" data-id=\"acdc59e\" data-element_type=\"widget\" data-e-type=\"widget\" data-widget_type=\"image.default\">\n\t\t\t\t<div class=\"elementor-widget-container\">\n\t\t\t\t\t\t\t\t\t\t\t\t\t\t\t\t<a href=\"http:\/\/www.xn--gz-fensterlden-gib.de\/wp-content\/uploads\/2019\/05\/sonderformen-crown-1.jpg\" data-elementor-open-lightbox=\"yes\" data-elementor-lightbox-title=\"sonderformen crown 1\" data-e-action-hash=\"#elementor-action%3Aaction%3Dlightbox%26settings%3DeyJpZCI6OTcxLCJ1cmwiOiJodHRwczpcL1wvZ3otZmVuc3RlcmxhZGVuLmRlXC93cC1jb250ZW50XC91cGxvYWRzXC8yMDE5XC8wNVwvc29uZGVyZm9ybWVuLWNyb3duLTEuanBnIn0%3D\">\n\t\t\t\t\t\t\t<img decoding=\"async\" src=\"https:\/\/gz-fensterladen.de\/wp-content\/uploads\/elementor\/thumbs\/sonderformen-crown-1-q7zldoixezj0db8d4b1jyeonnyxulcb9jzjbth2g40.jpg\" title=\"sonderformen crown 1\" alt=\"sonderformen crown 1\" loading=\"lazy\" \/>\t\t\t\t\t\t\t\t<\/a>\n\t\t\t\t\t\t\t\t\t\t\t\t\t\t\t<\/div>\n\t\t\t\t<\/div>\n\t\t\t\t\t<\/div>\n\t\t<\/div>\n\t\t\t\t<div class=\"elementor-column elementor-col-50 elementor-top-column elementor-element elementor-element-56716ed\" data-id=\"56716ed\" data-element_type=\"column\" data-e-type=\"column\">\n\t\t\t<div class=\"elementor-widget-wrap elementor-element-populated\">\n\t\t\t\t\t\t<div class=\"elementor-element elementor-element-05334bb elementor-widget elementor-widget-image\" data-id=\"05334bb\" data-element_type=\"widget\" data-e-type=\"widget\" data-widget_type=\"image.default\">\n\t\t\t\t<div class=\"elementor-widget-container\">\n\t\t\t\t\t\t\t\t\t\t\t\t\t\t\t\t<a href=\"https:\/\/gz-fensterladen.de\/wp-content\/uploads\/2019\/05\/Sonderschiebeladen2-768x1024.jpg\" data-elementor-open-lightbox=\"yes\" data-elementor-lightbox-title=\"Sonderschiebeladen2-768x1024\" data-e-action-hash=\"#elementor-action%3Aaction%3Dlightbox%26settings%3DeyJpZCI6Nzc0LCJ1cmwiOiJodHRwczpcL1wvZ3otZmVuc3RlcmxhZGVuLmRlXC93cC1jb250ZW50XC91cGxvYWRzXC8yMDE5XC8wNVwvU29uZGVyc2NoaWViZWxhZGVuMi03Njh4MTAyNC5qcGcifQ%3D%3D\">\n\t\t\t\t\t\t\t<img fetchpriority=\"high\" decoding=\"async\" width=\"768\" height=\"1024\" src=\"https:\/\/gz-fensterladen.de\/wp-content\/uploads\/2019\/05\/Sonderschiebeladen2-768x1024.jpg\" class=\"attachment-full size-full wp-image-774\" alt=\"\" srcset=\"https:\/\/gz-fensterladen.de\/wp-content\/uploads\/2019\/05\/Sonderschiebeladen2-768x1024.jpg 768w, https:\/\/gz-fensterladen.de\/wp-content\/uploads\/2019\/05\/Sonderschiebeladen2-768x1024-225x300.jpg 225w\" sizes=\"(max-width: 768px) 100vw, 768px\" \/>\t\t\t\t\t\t\t\t<\/a>\n\t\t\t\t\t\t\t\t\t\t\t\t\t\t\t<\/div>\n\t\t\t\t<\/div>\n\t\t\t\t\t<\/div>\n\t\t<\/div>\n\t\t\t\t\t<\/div>\n\t\t<\/section>\n\t\t\t\t<section class=\"elementor-section elementor-top-section elementor-element elementor-element-f701284 elementor-section-boxed elementor-section-height-default elementor-section-height-default\" data-id=\"f701284\" data-element_type=\"section\" data-e-type=\"section\">\n\t\t\t\t\t\t<div class=\"elementor-container elementor-column-gap-default\">\n\t\t\t\t\t<div class=\"elementor-column elementor-col-100 elementor-top-column elementor-element elementor-element-da713fb\" data-id=\"da713fb\" data-element_type=\"column\" data-e-type=\"column\">\n\t\t\t<div class=\"elementor-widget-wrap elementor-element-populated\">\n\t\t\t\t\t\t<div class=\"elementor-element elementor-element-37fdd29 elementor-hidden-phone elementor-widget elementor-widget-spacer\" data-id=\"37fdd29\" data-element_type=\"widget\" data-e-type=\"widget\" data-widget_type=\"spacer.default\">\n\t\t\t\t<div class=\"elementor-widget-container\">\n\t\t\t\t\t\t\t<div class=\"elementor-spacer\">\n\t\t\t<div class=\"elementor-spacer-inner\"><\/div>\n\t\t<\/div>\n\t\t\t\t\t\t<\/div>\n\t\t\t\t<\/div>\n\t\t\t\t<div class=\"elementor-element elementor-element-0e46e0d elementor-widget elementor-widget-text-editor\" data-id=\"0e46e0d\" data-element_type=\"widget\" data-e-type=\"widget\" data-widget_type=\"text-editor.default\">\n\t\t\t\t<div class=\"elementor-widget-container\">\n\t\t\t\t\t\t\t\t\t<div id=\"comp-jsolaotc\" class=\"txtNew\" data-packed=\"false\" data-min-height=\"123\"><p class=\"font_8\"><strong>Thanks to laser and water-jet cutting your shutters can be uniquely designed, as shown by the examples above.<\/strong><\/p><\/div>\t\t\t\t\t\t\t\t<\/div>\n\t\t\t\t<\/div>\n\t\t\t\t<div class=\"elementor-element elementor-element-6479b83 elementor-widget elementor-widget-spacer\" data-id=\"6479b83\" data-element_type=\"widget\" data-e-type=\"widget\" data-widget_type=\"spacer.default\">\n\t\t\t\t<div class=\"elementor-widget-container\">\n\t\t\t\t\t\t\t<div class=\"elementor-spacer\">\n\t\t\t<div class=\"elementor-spacer-inner\"><\/div>\n\t\t<\/div>\n\t\t\t\t\t\t<\/div>\n\t\t\t\t<\/div>\n\t\t\t\t\t<\/div>\n\t\t<\/div>\n\t\t\t\t\t<\/div>\n\t\t<\/section>\n\t\t\t\t<\/div>","protected":false},"excerpt":{"rendered":"<p>Sonderformen Da wir Hersteller der angebotenen L\u00e4den sind, k\u00f6nnen wir eine Vielzahl von Sonderformen darstellen. Gemischte F\u00fcllungen, abweichende Rahmenbreiten und \u2013st\u00e4rken, personalisierte Ausschnitte etc. Auch Kombinationen aus Alu und Holz bzw. Stahl und Holz sind m\u00f6glich. Bei Fragen k\u00f6nnen Sie uns jederzeit kontakieren. Durch Laser- und Wasserstrahlausschnitte kann Ihr Fensterladen ganz individuell gestaltet werden, wie [&hellip;]<\/p>\n","protected":false},"author":3,"featured_media":0,"parent":0,"menu_order":0,"comment_status":"closed","ping_status":"closed","template":"elementor_header_footer","meta":{"footnotes":""},"class_list":["post-967","page","type-page","status-publish","hentry"],"yoast_head":"<!-- This site is optimized with the Yoast SEO plugin v27.1.1 - https:\/\/yoast.com\/product\/yoast-seo-wordpress\/ -->\n<title>Sonderformen - GZ-Fensterl\u00e4den<\/title>\n<meta name=\"description\" content=\"Individuelle Sonderanfertigungen, ganz nach Ihren W\u00fcnschen, f\u00fcr Fensterl\u00e4den Formen, Mustern, Materialien oder Logos.\" \/>\n<meta name=\"robots\" content=\"index, follow, max-snippet:-1, max-image-preview:large, max-video-preview:-1\" \/>\n<link rel=\"canonical\" href=\"https:\/\/gz-fensterladen.de\/en\/sonderformen\/\" \/>\n<meta property=\"og:locale\" content=\"en_GB\" \/>\n<meta property=\"og:type\" content=\"article\" \/>\n<meta property=\"og:title\" content=\"Sonderformen - GZ-Fensterl\u00e4den\" \/>\n<meta property=\"og:description\" content=\"Individuelle Sonderanfertigungen, ganz nach Ihren W\u00fcnschen, f\u00fcr Fensterl\u00e4den Formen, Mustern, Materialien oder Logos.\" \/>\n<meta property=\"og:url\" content=\"https:\/\/gz-fensterladen.de\/en\/sonderformen\/\" \/>\n<meta property=\"og:site_name\" content=\"GZ-Fensterl\u00e4den\" \/>\n<meta property=\"article:publisher\" content=\"https:\/\/www.facebook.com\/gz.fensterlaeden\" \/>\n<meta property=\"article:modified_time\" content=\"2021-07-14T08:40:16+00:00\" \/>\n<meta property=\"og:image\" content=\"https:\/\/gz-fensterladen.de\/wp-content\/uploads\/elementor\/thumbs\/black-shutter-house-o97cucshpl0esfsus2cwpijivv3531sp2q7ejxi410.jpg\" \/>\n<meta name=\"twitter:card\" content=\"summary_large_image\" \/>\n<meta name=\"twitter:label1\" content=\"Estimated reading time\" \/>\n\t<meta name=\"twitter:data1\" content=\"1 minute\" \/>\n<script type=\"application\/ld+json\" class=\"yoast-schema-graph\">{\"@context\":\"https:\/\/schema.org\",\"@graph\":[{\"@type\":\"WebPage\",\"@id\":\"https:\/\/gz-fensterladen.de\/sonderformen\/\",\"url\":\"https:\/\/gz-fensterladen.de\/sonderformen\/\",\"name\":\"Sonderformen - GZ-Fensterl\u00e4den\",\"isPartOf\":{\"@id\":\"https:\/\/gz-fensterladen.de\/#website\"},\"primaryImageOfPage\":{\"@id\":\"https:\/\/gz-fensterladen.de\/sonderformen\/#primaryimage\"},\"image\":{\"@id\":\"https:\/\/gz-fensterladen.de\/sonderformen\/#primaryimage\"},\"thumbnailUrl\":\"https:\/\/gz-fensterladen.de\/wp-content\/uploads\/elementor\/thumbs\/black-shutter-house-o97cucshpl0esfsus2cwpijivv3531sp2q7ejxi410.jpg\",\"datePublished\":\"2019-05-02T11:24:33+00:00\",\"dateModified\":\"2021-07-14T08:40:16+00:00\",\"description\":\"Individuelle Sonderanfertigungen, ganz nach Ihren W\u00fcnschen, f\u00fcr Fensterl\u00e4den Formen, Mustern, Materialien oder Logos.\",\"breadcrumb\":{\"@id\":\"https:\/\/gz-fensterladen.de\/sonderformen\/#breadcrumb\"},\"inLanguage\":\"en-GB\",\"potentialAction\":[{\"@type\":\"ReadAction\",\"target\":[\"https:\/\/gz-fensterladen.de\/sonderformen\/\"]}]},{\"@type\":\"ImageObject\",\"inLanguage\":\"en-GB\",\"@id\":\"https:\/\/gz-fensterladen.de\/sonderformen\/#primaryimage\",\"url\":\"https:\/\/gz-fensterladen.de\/wp-content\/uploads\/elementor\/thumbs\/black-shutter-house-o97cucshpl0esfsus2cwpijivv3531sp2q7ejxi410.jpg\",\"contentUrl\":\"https:\/\/gz-fensterladen.de\/wp-content\/uploads\/elementor\/thumbs\/black-shutter-house-o97cucshpl0esfsus2cwpijivv3531sp2q7ejxi410.jpg\"},{\"@type\":\"BreadcrumbList\",\"@id\":\"https:\/\/gz-fensterladen.de\/sonderformen\/#breadcrumb\",\"itemListElement\":[{\"@type\":\"ListItem\",\"position\":1,\"name\":\"Home\",\"item\":\"https:\/\/gz-fensterladen.de\/\"},{\"@type\":\"ListItem\",\"position\":2,\"name\":\"Sonderformen\"}]},{\"@type\":\"WebSite\",\"@id\":\"https:\/\/gz-fensterladen.de\/#website\",\"url\":\"https:\/\/gz-fensterladen.de\/\",\"name\":\"GZ-Fensterl\u00e4den\",\"description\":\"Alu- und Holz-Fensterl\u00e4den\",\"publisher\":{\"@id\":\"https:\/\/gz-fensterladen.de\/#organization\"},\"potentialAction\":[{\"@type\":\"SearchAction\",\"target\":{\"@type\":\"EntryPoint\",\"urlTemplate\":\"https:\/\/gz-fensterladen.de\/?s={search_term_string}\"},\"query-input\":{\"@type\":\"PropertyValueSpecification\",\"valueRequired\":true,\"valueName\":\"search_term_string\"}}],\"inLanguage\":\"en-GB\"},{\"@type\":\"Organization\",\"@id\":\"https:\/\/gz-fensterladen.de\/#organization\",\"name\":\"GZ-Fensterladen\",\"url\":\"https:\/\/gz-fensterladen.de\/\",\"logo\":{\"@type\":\"ImageObject\",\"inLanguage\":\"en-GB\",\"@id\":\"https:\/\/gz-fensterladen.de\/#\/schema\/logo\/image\/\",\"url\":\"https:\/\/gz-fensterladen.de\/wp-content\/uploads\/2019\/04\/GZ-GmbH-Co.-KG.png\",\"contentUrl\":\"https:\/\/gz-fensterladen.de\/wp-content\/uploads\/2019\/04\/GZ-GmbH-Co.-KG.png\",\"width\":2084,\"height\":1180,\"caption\":\"GZ-Fensterladen\"},\"image\":{\"@id\":\"https:\/\/gz-fensterladen.de\/#\/schema\/logo\/image\/\"},\"sameAs\":[\"https:\/\/www.facebook.com\/gz.fensterlaeden\",\"https:\/\/www.instagram.com\/gz.fensterladen\/\",\"https:\/\/www.youtube.com\/channel\/UCm8tPgBIlOTB4lFnoJtcAug\"]}]}<\/script>\n<!-- \/ Yoast SEO plugin. -->","yoast_head_json":{"title":"Sonderformen - GZ-Fensterl\u00e4den","description":"Individuelle Sonderanfertigungen, ganz nach Ihren W\u00fcnschen, f\u00fcr Fensterl\u00e4den Formen, Mustern, Materialien oder Logos.","robots":{"index":"index","follow":"follow","max-snippet":"max-snippet:-1","max-image-preview":"max-image-preview:large","max-video-preview":"max-video-preview:-1"},"canonical":"https:\/\/gz-fensterladen.de\/en\/sonderformen\/","og_locale":"en_GB","og_type":"article","og_title":"Sonderformen - GZ-Fensterl\u00e4den","og_description":"Individuelle Sonderanfertigungen, ganz nach Ihren W\u00fcnschen, f\u00fcr Fensterl\u00e4den Formen, Mustern, Materialien oder Logos.","og_url":"https:\/\/gz-fensterladen.de\/en\/sonderformen\/","og_site_name":"GZ-Fensterl\u00e4den","article_publisher":"https:\/\/www.facebook.com\/gz.fensterlaeden","article_modified_time":"2021-07-14T08:40:16+00:00","og_image":[{"url":"https:\/\/gz-fensterladen.de\/wp-content\/uploads\/elementor\/thumbs\/black-shutter-house-o97cucshpl0esfsus2cwpijivv3531sp2q7ejxi410.jpg","type":"","width":"","height":""}],"twitter_card":"summary_large_image","twitter_misc":{"Estimated reading time":"1 minute"},"schema":{"@context":"https:\/\/schema.org","@graph":[{"@type":"WebPage","@id":"https:\/\/gz-fensterladen.de\/sonderformen\/","url":"https:\/\/gz-fensterladen.de\/sonderformen\/","name":"Sonderformen - GZ-Fensterl\u00e4den","isPartOf":{"@id":"https:\/\/gz-fensterladen.de\/#website"},"primaryImageOfPage":{"@id":"https:\/\/gz-fensterladen.de\/sonderformen\/#primaryimage"},"image":{"@id":"https:\/\/gz-fensterladen.de\/sonderformen\/#primaryimage"},"thumbnailUrl":"https:\/\/gz-fensterladen.de\/wp-content\/uploads\/elementor\/thumbs\/black-shutter-house-o97cucshpl0esfsus2cwpijivv3531sp2q7ejxi410.jpg","datePublished":"2019-05-02T11:24:33+00:00","dateModified":"2021-07-14T08:40:16+00:00","description":"Individuelle Sonderanfertigungen, ganz nach Ihren W\u00fcnschen, f\u00fcr Fensterl\u00e4den Formen, Mustern, Materialien oder Logos.","breadcrumb":{"@id":"https:\/\/gz-fensterladen.de\/sonderformen\/#breadcrumb"},"inLanguage":"en-GB","potentialAction":[{"@type":"ReadAction","target":["https:\/\/gz-fensterladen.de\/sonderformen\/"]}]},{"@type":"ImageObject","inLanguage":"en-GB","@id":"https:\/\/gz-fensterladen.de\/sonderformen\/#primaryimage","url":"https:\/\/gz-fensterladen.de\/wp-content\/uploads\/elementor\/thumbs\/black-shutter-house-o97cucshpl0esfsus2cwpijivv3531sp2q7ejxi410.jpg","contentUrl":"https:\/\/gz-fensterladen.de\/wp-content\/uploads\/elementor\/thumbs\/black-shutter-house-o97cucshpl0esfsus2cwpijivv3531sp2q7ejxi410.jpg"},{"@type":"BreadcrumbList","@id":"https:\/\/gz-fensterladen.de\/sonderformen\/#breadcrumb","itemListElement":[{"@type":"ListItem","position":1,"name":"Home","item":"https:\/\/gz-fensterladen.de\/"},{"@type":"ListItem","position":2,"name":"Sonderformen"}]},{"@type":"WebSite","@id":"https:\/\/gz-fensterladen.de\/#website","url":"https:\/\/gz-fensterladen.de\/","name":"Shutters by G+Z","description":"Alu- und Holz-Fensterl\u00e4den","publisher":{"@id":"https:\/\/gz-fensterladen.de\/#organization"},"potentialAction":[{"@type":"SearchAction","target":{"@type":"EntryPoint","urlTemplate":"https:\/\/gz-fensterladen.de\/?s={search_term_string}"},"query-input":{"@type":"PropertyValueSpecification","valueRequired":true,"valueName":"search_term_string"}}],"inLanguage":"en-GB"},{"@type":"Organization","@id":"https:\/\/gz-fensterladen.de\/#organization","name":"GZ-Fensterladen","url":"https:\/\/gz-fensterladen.de\/","logo":{"@type":"ImageObject","inLanguage":"en-GB","@id":"https:\/\/gz-fensterladen.de\/#\/schema\/logo\/image\/","url":"https:\/\/gz-fensterladen.de\/wp-content\/uploads\/2019\/04\/GZ-GmbH-Co.-KG.png","contentUrl":"https:\/\/gz-fensterladen.de\/wp-content\/uploads\/2019\/04\/GZ-GmbH-Co.-KG.png","width":2084,"height":1180,"caption":"GZ-Fensterladen"},"image":{"@id":"https:\/\/gz-fensterladen.de\/#\/schema\/logo\/image\/"},"sameAs":["https:\/\/www.facebook.com\/gz.fensterlaeden","https:\/\/www.instagram.com\/gz.fensterladen\/","https:\/\/www.youtube.com\/channel\/UCm8tPgBIlOTB4lFnoJtcAug"]}]}},"_links":{"self":[{"href":"https:\/\/gz-fensterladen.de\/en\/wp-json\/wp\/v2\/pages\/967","targetHints":{"allow":["GET"]}}],"collection":[{"href":"https:\/\/gz-fensterladen.de\/en\/wp-json\/wp\/v2\/pages"}],"about":[{"href":"https:\/\/gz-fensterladen.de\/en\/wp-json\/wp\/v2\/types\/page"}],"author":[{"embeddable":true,"href":"https:\/\/gz-fensterladen.de\/en\/wp-json\/wp\/v2\/users\/3"}],"replies":[{"embeddable":true,"href":"https:\/\/gz-fensterladen.de\/en\/wp-json\/wp\/v2\/comments?post=967"}],"version-history":[{"count":13,"href":"https:\/\/gz-fensterladen.de\/en\/wp-json\/wp\/v2\/pages\/967\/revisions"}],"predecessor-version":[{"id":1836,"href":"https:\/\/gz-fensterladen.de\/en\/wp-json\/wp\/v2\/pages\/967\/revisions\/1836"}],"wp:attachment":[{"href":"https:\/\/gz-fensterladen.de\/en\/wp-json\/wp\/v2\/media?parent=967"}],"curies":[{"name":"wp","href":"https:\/\/api.w.org\/{rel}","templated":true}]}}