{"id":2014,"date":"2021-11-03T17:04:44","date_gmt":"2021-11-03T15:04:44","guid":{"rendered":"https:\/\/gz-fensterladen.de\/?page_id=2014"},"modified":"2022-02-16T12:17:03","modified_gmt":"2022-02-16T10:17:03","slug":"stellenangebote","status":"publish","type":"page","link":"https:\/\/gz-fensterladen.de\/fr\/stellenangebote\/","title":{"rendered":"Stellenangebote"},"content":{"rendered":"<div data-elementor-type=\"wp-page\" data-elementor-id=\"2014\" class=\"elementor elementor-2014\" data-elementor-post-type=\"page\">\n\t\t\t\t\t\t<section class=\"elementor-section elementor-top-section elementor-element elementor-element-acc35c2 elementor-section-full_width elementor-section-height-min-height elementor-section-height-default elementor-section-items-middle\" data-id=\"acc35c2\" data-element_type=\"section\" data-e-type=\"section\" data-settings=\"{&quot;background_background&quot;:&quot;classic&quot;}\">\n\t\t\t\t\t\t\t<div class=\"elementor-background-overlay\"><\/div>\n\t\t\t\t\t\t\t<div class=\"elementor-container elementor-column-gap-default\">\n\t\t\t\t\t<div class=\"elementor-column elementor-col-100 elementor-top-column elementor-element elementor-element-4f83d055\" data-id=\"4f83d055\" data-element_type=\"column\" data-e-type=\"column\">\n\t\t\t<div class=\"elementor-widget-wrap elementor-element-populated\">\n\t\t\t\t\t\t<div class=\"elementor-element elementor-element-68aaec5a elementor-widget elementor-widget-heading\" data-id=\"68aaec5a\" data-element_type=\"widget\" data-e-type=\"widget\" data-widget_type=\"heading.default\">\n\t\t\t\t<div class=\"elementor-widget-container\">\n\t\t\t\t\t<h1 class=\"elementor-heading-title elementor-size-default\"><span style=\"color: var( --e-global-color-primary );font-family: var( --e-global-typography-primary-font-family ), Sans-serif;font-size: 2.5rem;font-weight: var( --e-global-typography-primary-font-weight )\">Aktuell offene Stellenangebote<\/span> bei G+Z Fensterladen<\/h1>\t\t\t\t<\/div>\n\t\t\t\t<\/div>\n\t\t\t\t\t<\/div>\n\t\t<\/div>\n\t\t\t\t\t<\/div>\n\t\t<\/section>\n\t\t\t\t<section class=\"elementor-section elementor-top-section elementor-element elementor-element-6563f11 elementor-section-boxed elementor-section-height-default elementor-section-height-default\" data-id=\"6563f11\" data-element_type=\"section\" data-e-type=\"section\" data-settings=\"{&quot;background_background&quot;:&quot;classic&quot;}\">\n\t\t\t\t\t\t<div class=\"elementor-container elementor-column-gap-default\">\n\t\t\t\t\t<div class=\"elementor-column elementor-col-100 elementor-top-column elementor-element elementor-element-64d751fb\" data-id=\"64d751fb\" data-element_type=\"column\" data-e-type=\"column\">\n\t\t\t<div class=\"elementor-widget-wrap elementor-element-populated\">\n\t\t\t\t\t\t<div class=\"elementor-element elementor-element-1e9fcdbc elementor-widget elementor-widget-toggle\" data-id=\"1e9fcdbc\" data-element_type=\"widget\" data-e-type=\"widget\" data-widget_type=\"toggle.default\">\n\t\t\t\t<div class=\"elementor-widget-container\">\n\t\t\t\t\t\t\t<div class=\"elementor-toggle\">\n\t\t\t\t\t\t\t<div class=\"elementor-toggle-item\">\n\t\t\t\t\t<div id=\"elementor-tab-title-5131\" class=\"elementor-tab-title\" data-tab=\"1\" role=\"button\" aria-controls=\"elementor-tab-content-5131\" aria-expanded=\"false\">\n\t\t\t\t\t\t\t\t\t\t\t\t<span class=\"elementor-toggle-icon elementor-toggle-icon-left\" aria-hidden=\"true\">\n\t\t\t\t\t\t\t\t\t\t\t\t\t\t\t<span class=\"elementor-toggle-icon-closed\"><i class=\"fas fa-chevron-down\"><\/i><\/span>\n\t\t\t\t\t\t\t\t<span class=\"elementor-toggle-icon-opened\"><i class=\"elementor-toggle-icon-opened fas fa-chevron-up\"><\/i><\/span>\n\t\t\t\t\t\t\t\t\t\t\t\t\t<\/span>\n\t\t\t\t\t\t\t\t\t\t\t\t<a class=\"elementor-toggle-title\" tabindex=\"0\">Kaufmann f\u00fcr B\u00fcrokommunikation mit Schwerpunkt Vertrieb (m\/w\/d)<\/a>\n\t\t\t\t\t<\/div>\n\n\t\t\t\t\t<div id=\"elementor-tab-content-5131\" class=\"elementor-tab-content elementor-clearfix\" data-tab=\"1\" role=\"region\" aria-labelledby=\"elementor-tab-title-5131\"><h5><strong>Ihre Vorteile:<\/strong><\/h5><ul><li>Sicherer Vollzeit Arbeitsplatz im\u00a0unbefristeten Arbeitsverh\u00e4ltnis<\/li><li>Dynamisches, motiviertes und engagiertes Team, dass mit Rat und Tat zur Seite steht<\/li><li>Entwicklungsm\u00f6glichkeiten durch verantwortungsvolle und abwechslungsreiche Aufgaben<\/li><\/ul><h5>\u00a0<\/h5><h5><strong>Ihre Aufgaben:<\/strong><\/h5><ul><li>Erstellen von Angeboten und Auftr\u00e4gen<\/li><li>Ansprechpartner f\u00fcr Kunden per Telefon und E-Mail<\/li><li>Interne Auftragsabarbeitung vom Angebot bis zur Lieferung<\/li><\/ul><h5>\u00a0<\/h5><h5><strong>Ihr Profil:<\/strong><\/h5><ul><li data-pm-slice=\"1 1 []\">Kommunikationsst\u00e4rke und Verkaufstalent mit Erfahrung im Vertrieb<\/li><li>Kundenorientiertes und L\u00f6sungsorientiertes Arbeiten<\/li><li>PC-Kenntnisse und technisches Verst\u00e4ndnis\u00a0<\/li><li>Offenheit f\u00fcr Neues und schnelle Auffassungsgabe<\/li><li>Flexible und teamorientierte Arbeitsweise gepaart mit einer positiven Ausstrahlung<\/li><\/ul><\/div>\n\t\t\t\t<\/div>\n\t\t\t\t\t\t\t\t<\/div>\n\t\t\t\t\t\t<\/div>\n\t\t\t\t<\/div>\n\t\t\t\t\t<\/div>\n\t\t<\/div>\n\t\t\t\t\t<\/div>\n\t\t<\/section>\n\t\t\t\t<section class=\"elementor-section elementor-top-section elementor-element elementor-element-262aefc4 elementor-section-boxed elementor-section-height-default elementor-section-height-default\" data-id=\"262aefc4\" data-element_type=\"section\" data-e-type=\"section\">\n\t\t\t\t\t\t<div class=\"elementor-container elementor-column-gap-default\">\n\t\t\t\t\t<div class=\"elementor-column elementor-col-100 elementor-top-column elementor-element elementor-element-200200e6\" data-id=\"200200e6\" data-element_type=\"column\" data-e-type=\"column\">\n\t\t\t<div class=\"elementor-widget-wrap elementor-element-populated\">\n\t\t\t\t\t\t<div class=\"elementor-element elementor-element-4c75d7b elementor-widget elementor-widget-heading\" data-id=\"4c75d7b\" data-element_type=\"widget\" data-e-type=\"widget\" data-widget_type=\"heading.default\">\n\t\t\t\t<div class=\"elementor-widget-container\">\n\t\t\t\t\t<h3 class=\"elementor-heading-title elementor-size-default\">Wir freuen uns auf Ihre Bewerbung!\n<\/h3>\t\t\t\t<\/div>\n\t\t\t\t<\/div>\n\t\t\t\t\t<\/div>\n\t\t<\/div>\n\t\t\t\t\t<\/div>\n\t\t<\/section>\n\t\t\t\t<section class=\"elementor-section elementor-top-section elementor-element elementor-element-224f4947 elementor-section-boxed elementor-section-height-default elementor-section-height-default\" data-id=\"224f4947\" data-element_type=\"section\" data-e-type=\"section\">\n\t\t\t\t\t\t<div class=\"elementor-container elementor-column-gap-default\">\n\t\t\t\t\t<div class=\"elementor-column elementor-col-100 elementor-top-column elementor-element elementor-element-4fb45f4c\" data-id=\"4fb45f4c\" data-element_type=\"column\" data-e-type=\"column\">\n\t\t\t<div class=\"elementor-widget-wrap elementor-element-populated\">\n\t\t\t\t\t\t<div class=\"elementor-element elementor-element-3466306a elementor-align-center elementor-widget elementor-widget-button\" data-id=\"3466306a\" data-element_type=\"widget\" data-e-type=\"widget\" data-widget_type=\"button.default\">\n\t\t\t\t<div class=\"elementor-widget-container\">\n\t\t\t\t\t\t\t\t\t<div class=\"elementor-button-wrapper\">\n\t\t\t\t\t<a class=\"elementor-button elementor-button-link elementor-size-md\" href=\"mailto:royla@gz-fensterladen.de?subject=Bewerbung\">\n\t\t\t\t\t\t<span class=\"elementor-button-content-wrapper\">\n\t\t\t\t\t\t\t\t\t<span class=\"elementor-button-text\">Bewerbung abschicken!<\/span>\n\t\t\t\t\t<\/span>\n\t\t\t\t\t<\/a>\n\t\t\t\t<\/div>\n\t\t\t\t\t\t\t\t<\/div>\n\t\t\t\t<\/div>\n\t\t\t\t\t<\/div>\n\t\t<\/div>\n\t\t\t\t\t<\/div>\n\t\t<\/section>\n\t\t\t\t<section class=\"elementor-section elementor-top-section elementor-element elementor-element-6541715c elementor-section-boxed elementor-section-height-default elementor-section-height-default\" data-id=\"6541715c\" data-element_type=\"section\" data-e-type=\"section\">\n\t\t\t\t\t\t<div class=\"elementor-container elementor-column-gap-default\">\n\t\t\t\t\t<div class=\"elementor-column elementor-col-100 elementor-top-column elementor-element elementor-element-1c6006e7\" data-id=\"1c6006e7\" data-element_type=\"column\" data-e-type=\"column\">\n\t\t\t<div class=\"elementor-widget-wrap elementor-element-populated\">\n\t\t\t\t\t\t<div class=\"elementor-element elementor-element-8c5753 elementor-widget elementor-widget-text-editor\" data-id=\"8c5753\" data-element_type=\"widget\" data-e-type=\"widget\" data-widget_type=\"text-editor.default\">\n\t\t\t\t<div class=\"elementor-widget-container\">\n\t\t\t\t\t\t\t\t\t<h2>Ihre Bewerbung<\/h2><p>Haben wir Ihr Interesse geweckt? Dann senden Sie Ihre vollst\u00e4ndigen Bewerbungsunterlagen mit Anschreiben, Lebenslauf, relevanten Zeugnissen, Ihrem fr\u00fchestm\u00f6glichen Eintrittstermin und Ihrer Gehaltsvorstellung bitte per E-Mail an: <a href=\"mailto:royla@gz-fensterladen.de\"><strong>royla@gz-fensterladen.de<\/strong><\/a><\/p><p><strong>G+Z GmbH &amp; Co. KG <\/strong><\/p><p>In der Neuen Welt 2 <br \/>87700 Memmingen<br \/>Tel: <a href=\"tel:+498331839380\"><strong>+49 8331 83 93 80<\/strong><\/a><\/p>\t\t\t\t\t\t\t\t<\/div>\n\t\t\t\t<\/div>\n\t\t\t\t\t<\/div>\n\t\t<\/div>\n\t\t\t\t\t<\/div>\n\t\t<\/section>\n\t\t\t\t<\/div>","protected":false},"excerpt":{"rendered":"<p>Aktuell offene Stellenangebote bei G+Z Fensterladen Kaufmann f\u00fcr B\u00fcrokommunikation mit Schwerpunkt Vertrieb (m\/w\/d) Ihre Vorteile: Sicherer Vollzeit Arbeitsplatz im\u00a0unbefristeten Arbeitsverh\u00e4ltnis Dynamisches, motiviertes und engagiertes Team, dass mit Rat und Tat zur Seite steht Entwicklungsm\u00f6glichkeiten durch verantwortungsvolle und abwechslungsreiche Aufgaben \u00a0 Ihre Aufgaben: Erstellen von Angeboten und Auftr\u00e4gen Ansprechpartner f\u00fcr Kunden per Telefon und E-Mail Interne [&hellip;]<\/p>\n","protected":false},"author":3,"featured_media":0,"parent":0,"menu_order":0,"comment_status":"closed","ping_status":"closed","template":"","meta":{"footnotes":""},"class_list":["post-2014","page","type-page","status-publish","hentry"],"yoast_head":"<!-- This site is optimized with the Yoast SEO plugin v27.1.1 - https:\/\/yoast.com\/product\/yoast-seo-wordpress\/ -->\n<title>Stellenangebote - GZ-Fensterl\u00e4den<\/title>\n<meta name=\"description\" content=\"Stellenanzeigen bei G + Z Fensterladen. Finden Sie jetzt den passenden Job in der Region um Memmingen oder in Crailsheim.\" \/>\n<meta name=\"robots\" content=\"index, follow, max-snippet:-1, max-image-preview:large, max-video-preview:-1\" \/>\n<link rel=\"canonical\" href=\"https:\/\/gz-fensterladen.de\/fr\/stellenangebote\/\" \/>\n<meta property=\"og:locale\" content=\"fr_FR\" \/>\n<meta property=\"og:type\" content=\"article\" \/>\n<meta property=\"og:title\" content=\"Stellenangebote - GZ-Fensterl\u00e4den\" \/>\n<meta property=\"og:description\" content=\"Stellenanzeigen bei G + Z Fensterladen. Finden Sie jetzt den passenden Job in der Region um Memmingen oder in Crailsheim.\" \/>\n<meta property=\"og:url\" content=\"https:\/\/gz-fensterladen.de\/fr\/stellenangebote\/\" \/>\n<meta property=\"og:site_name\" content=\"GZ-Fensterl\u00e4den\" \/>\n<meta property=\"article:publisher\" content=\"https:\/\/www.facebook.com\/gz.fensterlaeden\" \/>\n<meta property=\"article:modified_time\" content=\"2022-02-16T10:17:03+00:00\" \/>\n<meta name=\"twitter:card\" content=\"summary_large_image\" \/>\n<meta name=\"twitter:label1\" content=\"Dur\u00e9e de lecture estim\u00e9e\" \/>\n\t<meta name=\"twitter:data1\" content=\"1 minute\" \/>\n<script type=\"application\/ld+json\" class=\"yoast-schema-graph\">{\"@context\":\"https:\/\/schema.org\",\"@graph\":[{\"@type\":\"WebPage\",\"@id\":\"https:\/\/gz-fensterladen.de\/stellenangebote\/\",\"url\":\"https:\/\/gz-fensterladen.de\/stellenangebote\/\",\"name\":\"Stellenangebote - GZ-Fensterl\u00e4den\",\"isPartOf\":{\"@id\":\"https:\/\/gz-fensterladen.de\/#website\"},\"datePublished\":\"2021-11-03T15:04:44+00:00\",\"dateModified\":\"2022-02-16T10:17:03+00:00\",\"description\":\"Stellenanzeigen bei G + Z Fensterladen. Finden Sie jetzt den passenden Job in der Region um Memmingen oder in Crailsheim.\",\"breadcrumb\":{\"@id\":\"https:\/\/gz-fensterladen.de\/stellenangebote\/#breadcrumb\"},\"inLanguage\":\"fr-FR\",\"potentialAction\":[{\"@type\":\"ReadAction\",\"target\":[\"https:\/\/gz-fensterladen.de\/stellenangebote\/\"]}]},{\"@type\":\"BreadcrumbList\",\"@id\":\"https:\/\/gz-fensterladen.de\/stellenangebote\/#breadcrumb\",\"itemListElement\":[{\"@type\":\"ListItem\",\"position\":1,\"name\":\"Home\",\"item\":\"https:\/\/gz-fensterladen.de\/\"},{\"@type\":\"ListItem\",\"position\":2,\"name\":\"Stellenangebote\"}]},{\"@type\":\"WebSite\",\"@id\":\"https:\/\/gz-fensterladen.de\/#website\",\"url\":\"https:\/\/gz-fensterladen.de\/\",\"name\":\"GZ-Fensterl\u00e4den\",\"description\":\"Alu- und Holz-Fensterl\u00e4den\",\"publisher\":{\"@id\":\"https:\/\/gz-fensterladen.de\/#organization\"},\"potentialAction\":[{\"@type\":\"SearchAction\",\"target\":{\"@type\":\"EntryPoint\",\"urlTemplate\":\"https:\/\/gz-fensterladen.de\/?s={search_term_string}\"},\"query-input\":{\"@type\":\"PropertyValueSpecification\",\"valueRequired\":true,\"valueName\":\"search_term_string\"}}],\"inLanguage\":\"fr-FR\"},{\"@type\":\"Organization\",\"@id\":\"https:\/\/gz-fensterladen.de\/#organization\",\"name\":\"GZ-Fensterladen\",\"url\":\"https:\/\/gz-fensterladen.de\/\",\"logo\":{\"@type\":\"ImageObject\",\"inLanguage\":\"fr-FR\",\"@id\":\"https:\/\/gz-fensterladen.de\/#\/schema\/logo\/image\/\",\"url\":\"https:\/\/gz-fensterladen.de\/wp-content\/uploads\/2019\/04\/GZ-GmbH-Co.-KG.png\",\"contentUrl\":\"https:\/\/gz-fensterladen.de\/wp-content\/uploads\/2019\/04\/GZ-GmbH-Co.-KG.png\",\"width\":2084,\"height\":1180,\"caption\":\"GZ-Fensterladen\"},\"image\":{\"@id\":\"https:\/\/gz-fensterladen.de\/#\/schema\/logo\/image\/\"},\"sameAs\":[\"https:\/\/www.facebook.com\/gz.fensterlaeden\",\"https:\/\/www.instagram.com\/gz.fensterladen\/\",\"https:\/\/www.youtube.com\/channel\/UCm8tPgBIlOTB4lFnoJtcAug\"]}]}<\/script>\n<!-- \/ Yoast SEO plugin. -->","yoast_head_json":{"title":"Stellenangebote - GZ-Fensterl\u00e4den","description":"Stellenanzeigen bei G + Z Fensterladen. Finden Sie jetzt den passenden Job in der Region um Memmingen oder in Crailsheim.","robots":{"index":"index","follow":"follow","max-snippet":"max-snippet:-1","max-image-preview":"max-image-preview:large","max-video-preview":"max-video-preview:-1"},"canonical":"https:\/\/gz-fensterladen.de\/fr\/stellenangebote\/","og_locale":"fr_FR","og_type":"article","og_title":"Stellenangebote - GZ-Fensterl\u00e4den","og_description":"Stellenanzeigen bei G + Z Fensterladen. Finden Sie jetzt den passenden Job in der Region um Memmingen oder in Crailsheim.","og_url":"https:\/\/gz-fensterladen.de\/fr\/stellenangebote\/","og_site_name":"GZ-Fensterl\u00e4den","article_publisher":"https:\/\/www.facebook.com\/gz.fensterlaeden","article_modified_time":"2022-02-16T10:17:03+00:00","twitter_card":"summary_large_image","twitter_misc":{"Dur\u00e9e de lecture estim\u00e9e":"1 minute"},"schema":{"@context":"https:\/\/schema.org","@graph":[{"@type":"WebPage","@id":"https:\/\/gz-fensterladen.de\/stellenangebote\/","url":"https:\/\/gz-fensterladen.de\/stellenangebote\/","name":"Stellenangebote - GZ-Fensterl\u00e4den","isPartOf":{"@id":"https:\/\/gz-fensterladen.de\/#website"},"datePublished":"2021-11-03T15:04:44+00:00","dateModified":"2022-02-16T10:17:03+00:00","description":"Stellenanzeigen bei G + Z Fensterladen. Finden Sie jetzt den passenden Job in der Region um Memmingen oder in Crailsheim.","breadcrumb":{"@id":"https:\/\/gz-fensterladen.de\/stellenangebote\/#breadcrumb"},"inLanguage":"fr-FR","potentialAction":[{"@type":"ReadAction","target":["https:\/\/gz-fensterladen.de\/stellenangebote\/"]}]},{"@type":"BreadcrumbList","@id":"https:\/\/gz-fensterladen.de\/stellenangebote\/#breadcrumb","itemListElement":[{"@type":"ListItem","position":1,"name":"Home","item":"https:\/\/gz-fensterladen.de\/"},{"@type":"ListItem","position":2,"name":"Stellenangebote"}]},{"@type":"WebSite","@id":"https:\/\/gz-fensterladen.de\/#website","url":"https:\/\/gz-fensterladen.de\/","name":"Volets de G+Z","description":"Alu- und Holz-Fensterl\u00e4den","publisher":{"@id":"https:\/\/gz-fensterladen.de\/#organization"},"potentialAction":[{"@type":"SearchAction","target":{"@type":"EntryPoint","urlTemplate":"https:\/\/gz-fensterladen.de\/?s={search_term_string}"},"query-input":{"@type":"PropertyValueSpecification","valueRequired":true,"valueName":"search_term_string"}}],"inLanguage":"fr-FR"},{"@type":"Organization","@id":"https:\/\/gz-fensterladen.de\/#organization","name":"GZ-Fensterladen","url":"https:\/\/gz-fensterladen.de\/","logo":{"@type":"ImageObject","inLanguage":"fr-FR","@id":"https:\/\/gz-fensterladen.de\/#\/schema\/logo\/image\/","url":"https:\/\/gz-fensterladen.de\/wp-content\/uploads\/2019\/04\/GZ-GmbH-Co.-KG.png","contentUrl":"https:\/\/gz-fensterladen.de\/wp-content\/uploads\/2019\/04\/GZ-GmbH-Co.-KG.png","width":2084,"height":1180,"caption":"GZ-Fensterladen"},"image":{"@id":"https:\/\/gz-fensterladen.de\/#\/schema\/logo\/image\/"},"sameAs":["https:\/\/www.facebook.com\/gz.fensterlaeden","https:\/\/www.instagram.com\/gz.fensterladen\/","https:\/\/www.youtube.com\/channel\/UCm8tPgBIlOTB4lFnoJtcAug"]}]}},"_links":{"self":[{"href":"https:\/\/gz-fensterladen.de\/fr\/wp-json\/wp\/v2\/pages\/2014","targetHints":{"allow":["GET"]}}],"collection":[{"href":"https:\/\/gz-fensterladen.de\/fr\/wp-json\/wp\/v2\/pages"}],"about":[{"href":"https:\/\/gz-fensterladen.de\/fr\/wp-json\/wp\/v2\/types\/page"}],"author":[{"embeddable":true,"href":"https:\/\/gz-fensterladen.de\/fr\/wp-json\/wp\/v2\/users\/3"}],"replies":[{"embeddable":true,"href":"https:\/\/gz-fensterladen.de\/fr\/wp-json\/wp\/v2\/comments?post=2014"}],"version-history":[{"count":77,"href":"https:\/\/gz-fensterladen.de\/fr\/wp-json\/wp\/v2\/pages\/2014\/revisions"}],"predecessor-version":[{"id":2161,"href":"https:\/\/gz-fensterladen.de\/fr\/wp-json\/wp\/v2\/pages\/2014\/revisions\/2161"}],"wp:attachment":[{"href":"https:\/\/gz-fensterladen.de\/fr\/wp-json\/wp\/v2\/media?parent=2014"}],"curies":[{"name":"wp","href":"https:\/\/api.w.org\/{rel}","templated":true}]}}