{"id":733,"date":"2019-05-02T06:08:08","date_gmt":"2019-05-02T06:08:08","guid":{"rendered":"http:\/\/www.xn--gz-fensterlden-gib.de\/?page_id=733"},"modified":"2022-05-03T13:54:47","modified_gmt":"2022-05-03T11:54:47","slug":"impressum","status":"publish","type":"page","link":"https:\/\/gz-fensterladen.de\/fr\/impressum\/","title":{"rendered":"Site Notice"},"content":{"rendered":"<div data-elementor-type=\"wp-post\" data-elementor-id=\"733\" class=\"elementor elementor-733\" data-elementor-post-type=\"page\">\n\t\t\t\t\t\t<section class=\"elementor-section elementor-top-section elementor-element elementor-element-d76ef10 elementor-section-boxed elementor-section-height-default elementor-section-height-default\" data-id=\"d76ef10\" data-element_type=\"section\" data-e-type=\"section\">\n\t\t\t\t\t\t<div class=\"elementor-container elementor-column-gap-default\">\n\t\t\t\t\t<div class=\"elementor-column elementor-col-100 elementor-top-column elementor-element elementor-element-400950a\" data-id=\"400950a\" data-element_type=\"column\" data-e-type=\"column\">\n\t\t\t<div class=\"elementor-widget-wrap elementor-element-populated\">\n\t\t\t\t\t\t<div class=\"elementor-element elementor-element-c54065b elementor-widget elementor-widget-text-editor\" data-id=\"c54065b\" data-element_type=\"widget\" data-e-type=\"widget\" data-widget_type=\"text-editor.default\">\n\t\t\t\t<div class=\"elementor-widget-container\">\n\t\t\t\t\t\t\t\t\t<h1>Site Notice<\/h1><h4>Information pursuant to Sect. 5 German Telemedia Act (TMG)<\/h4><p>G + Z GmbH &amp; Co. KG<br \/>In der Neuen Welt 2<br \/>87700 Memmingen<\/p><p>Commercial Register: HRA 11353<br \/>Registration court: Amtsgericht Memmingen<\/p><p><strong>Represented by:<\/strong><br \/>G+Z Verwaltungs GmbH<\/p><p>Diese vertreten durch:<br \/>G\u00fcnter Royla<\/p><p>Commercial Register: HRB 17405<br \/>Registration court: Amtsgericht Memmingen<\/p><h2>Contact<\/h2><p>Tel. 08331 83 93 80<br \/>Telefax: 08331 83 93 82<br \/>E-Mail: info@gz-fensterladen.de<\/p><h2>VAT ID<\/h2><p>Sales tax identification number according to Sect. 27 a of the Sales Tax Law:<br \/>DE251058051<\/p><h2>Internetseitenerstellung und Marketing<\/h2><p>Weltraum Online Marketing GmbH \u2013 Professionelle Kundengewinnung: <a href=\"https:\/\/weltraum.de\" target=\"_blank\" rel=\"noopener\">www.weltraum.de<\/a>\u00a0 \u00a0<\/p><h2>EU dispute resolution<\/h2><p>The European Commission provides a platform for online dispute resolution (ODR): <a href=\"https:\/\/ec.europa.eu\/consumers\/odr\/\" target=\"_blank\" rel=\"noopener noreferrer\">https:\/\/ec.europa.eu\/consumers\/odr\/<\/a>.<br \/>Our e-mail address can be found above in the site notice.<\/p><h2>Dispute resolution proceedings in front of a consumer arbitration board<\/h2><p>We are not willing or obliged to participate in dispute resolution proceedings in front of a consumer arbitration board.<\/p>\t\t\t\t\t\t\t\t<\/div>\n\t\t\t\t<\/div>\n\t\t\t\t\t<\/div>\n\t\t<\/div>\n\t\t\t\t\t<\/div>\n\t\t<\/section>\n\t\t\t\t<\/div>","protected":false},"excerpt":{"rendered":"<p>Impressum Angaben gem\u00e4\u00df \u00a7 5 TMG G + Z GmbH &amp; Co. KGIn der Neuen Welt 287700 Memmingen Handelsregister: HRA 11353Registergericht: Amtsgericht Memmingen Vertreten durch:G+Z Verwaltungs GmbH Diese vertreten durch:G\u00fcnter Royla Handelsregister: HRB 17405Registergericht: Amtsgericht Memmingen Kontakt Telefon: 08331 83 93 80Telefax: 08331 83 93 82E-Mail: info@gz-fensterladen.de Umsatzsteuer-ID Umsatzsteuer-Identifikationsnummer gem\u00e4\u00df \u00a7 27 a Umsatzsteuergesetz:DE251058051 Internetseitenerstellung [&hellip;]<\/p>\n","protected":false},"author":3,"featured_media":0,"parent":0,"menu_order":0,"comment_status":"closed","ping_status":"closed","template":"elementor_header_footer","meta":{"footnotes":""},"class_list":["post-733","page","type-page","status-publish","hentry"],"yoast_head":"<!-- This site is optimized with the Yoast SEO plugin v27.1.1 - https:\/\/yoast.com\/product\/yoast-seo-wordpress\/ -->\n<title>Impressum - GZ-Fensterl\u00e4den<\/title>\n<meta name=\"robots\" content=\"noindex, follow\" \/>\n<meta property=\"og:locale\" content=\"fr_FR\" \/>\n<meta property=\"og:type\" content=\"article\" \/>\n<meta property=\"og:title\" content=\"Impressum - GZ-Fensterl\u00e4den\" \/>\n<meta property=\"og:description\" content=\"Impressum Angaben gem\u00e4\u00df \u00a7 5 TMG G + Z GmbH &amp; Co. KGIn der Neuen Welt 287700 Memmingen Handelsregister: HRA 11353Registergericht: Amtsgericht Memmingen Vertreten durch:G+Z Verwaltungs GmbH Diese vertreten durch:G\u00fcnter Royla Handelsregister: HRB 17405Registergericht: Amtsgericht Memmingen Kontakt Telefon: 08331 83 93 80Telefax: 08331 83 93 82E-Mail: info@gz-fensterladen.de Umsatzsteuer-ID Umsatzsteuer-Identifikationsnummer gem\u00e4\u00df \u00a7 27 a Umsatzsteuergesetz:DE251058051 Internetseitenerstellung [&hellip;]\" \/>\n<meta property=\"og:url\" content=\"https:\/\/gz-fensterladen.de\/fr\/impressum\/\" \/>\n<meta property=\"og:site_name\" content=\"GZ-Fensterl\u00e4den\" \/>\n<meta property=\"article:publisher\" content=\"https:\/\/www.facebook.com\/gz.fensterlaeden\" \/>\n<meta property=\"article:modified_time\" content=\"2022-05-03T11:54:47+00:00\" \/>\n<meta name=\"twitter:card\" content=\"summary_large_image\" \/>\n<meta name=\"twitter:label1\" content=\"Dur\u00e9e de lecture estim\u00e9e\" \/>\n\t<meta name=\"twitter:data1\" content=\"1 minute\" \/>\n<script type=\"application\/ld+json\" class=\"yoast-schema-graph\">{\"@context\":\"https:\/\/schema.org\",\"@graph\":[{\"@type\":\"WebPage\",\"@id\":\"https:\/\/gz-fensterladen.de\/impressum\/\",\"url\":\"https:\/\/gz-fensterladen.de\/impressum\/\",\"name\":\"Impressum - GZ-Fensterl\u00e4den\",\"isPartOf\":{\"@id\":\"https:\/\/gz-fensterladen.de\/#website\"},\"datePublished\":\"2019-05-02T06:08:08+00:00\",\"dateModified\":\"2022-05-03T11:54:47+00:00\",\"breadcrumb\":{\"@id\":\"https:\/\/gz-fensterladen.de\/impressum\/#breadcrumb\"},\"inLanguage\":\"fr-FR\",\"potentialAction\":[{\"@type\":\"ReadAction\",\"target\":[\"https:\/\/gz-fensterladen.de\/impressum\/\"]}]},{\"@type\":\"BreadcrumbList\",\"@id\":\"https:\/\/gz-fensterladen.de\/impressum\/#breadcrumb\",\"itemListElement\":[{\"@type\":\"ListItem\",\"position\":1,\"name\":\"Home\",\"item\":\"https:\/\/gz-fensterladen.de\/\"},{\"@type\":\"ListItem\",\"position\":2,\"name\":\"Impressum\"}]},{\"@type\":\"WebSite\",\"@id\":\"https:\/\/gz-fensterladen.de\/#website\",\"url\":\"https:\/\/gz-fensterladen.de\/\",\"name\":\"GZ-Fensterl\u00e4den\",\"description\":\"Alu- und Holz-Fensterl\u00e4den\",\"publisher\":{\"@id\":\"https:\/\/gz-fensterladen.de\/#organization\"},\"potentialAction\":[{\"@type\":\"SearchAction\",\"target\":{\"@type\":\"EntryPoint\",\"urlTemplate\":\"https:\/\/gz-fensterladen.de\/?s={search_term_string}\"},\"query-input\":{\"@type\":\"PropertyValueSpecification\",\"valueRequired\":true,\"valueName\":\"search_term_string\"}}],\"inLanguage\":\"fr-FR\"},{\"@type\":\"Organization\",\"@id\":\"https:\/\/gz-fensterladen.de\/#organization\",\"name\":\"GZ-Fensterladen\",\"url\":\"https:\/\/gz-fensterladen.de\/\",\"logo\":{\"@type\":\"ImageObject\",\"inLanguage\":\"fr-FR\",\"@id\":\"https:\/\/gz-fensterladen.de\/#\/schema\/logo\/image\/\",\"url\":\"https:\/\/gz-fensterladen.de\/wp-content\/uploads\/2019\/04\/GZ-GmbH-Co.-KG.png\",\"contentUrl\":\"https:\/\/gz-fensterladen.de\/wp-content\/uploads\/2019\/04\/GZ-GmbH-Co.-KG.png\",\"width\":2084,\"height\":1180,\"caption\":\"GZ-Fensterladen\"},\"image\":{\"@id\":\"https:\/\/gz-fensterladen.de\/#\/schema\/logo\/image\/\"},\"sameAs\":[\"https:\/\/www.facebook.com\/gz.fensterlaeden\",\"https:\/\/www.instagram.com\/gz.fensterladen\/\",\"https:\/\/www.youtube.com\/channel\/UCm8tPgBIlOTB4lFnoJtcAug\"]}]}<\/script>\n<!-- \/ Yoast SEO plugin. -->","yoast_head_json":{"title":"Impressum - GZ-Fensterl\u00e4den","robots":{"index":"noindex","follow":"follow"},"og_locale":"fr_FR","og_type":"article","og_title":"Impressum - GZ-Fensterl\u00e4den","og_description":"Impressum Angaben gem\u00e4\u00df \u00a7 5 TMG G + Z GmbH &amp; Co. KGIn der Neuen Welt 287700 Memmingen Handelsregister: HRA 11353Registergericht: Amtsgericht Memmingen Vertreten durch:G+Z Verwaltungs GmbH Diese vertreten durch:G\u00fcnter Royla Handelsregister: HRB 17405Registergericht: Amtsgericht Memmingen Kontakt Telefon: 08331 83 93 80Telefax: 08331 83 93 82E-Mail: info@gz-fensterladen.de Umsatzsteuer-ID Umsatzsteuer-Identifikationsnummer gem\u00e4\u00df \u00a7 27 a Umsatzsteuergesetz:DE251058051 Internetseitenerstellung [&hellip;]","og_url":"https:\/\/gz-fensterladen.de\/fr\/impressum\/","og_site_name":"GZ-Fensterl\u00e4den","article_publisher":"https:\/\/www.facebook.com\/gz.fensterlaeden","article_modified_time":"2022-05-03T11:54:47+00:00","twitter_card":"summary_large_image","twitter_misc":{"Dur\u00e9e de lecture estim\u00e9e":"1 minute"},"schema":{"@context":"https:\/\/schema.org","@graph":[{"@type":"WebPage","@id":"https:\/\/gz-fensterladen.de\/impressum\/","url":"https:\/\/gz-fensterladen.de\/impressum\/","name":"Impressum - GZ-Fensterl\u00e4den","isPartOf":{"@id":"https:\/\/gz-fensterladen.de\/#website"},"datePublished":"2019-05-02T06:08:08+00:00","dateModified":"2022-05-03T11:54:47+00:00","breadcrumb":{"@id":"https:\/\/gz-fensterladen.de\/impressum\/#breadcrumb"},"inLanguage":"fr-FR","potentialAction":[{"@type":"ReadAction","target":["https:\/\/gz-fensterladen.de\/impressum\/"]}]},{"@type":"BreadcrumbList","@id":"https:\/\/gz-fensterladen.de\/impressum\/#breadcrumb","itemListElement":[{"@type":"ListItem","position":1,"name":"Home","item":"https:\/\/gz-fensterladen.de\/"},{"@type":"ListItem","position":2,"name":"Impressum"}]},{"@type":"WebSite","@id":"https:\/\/gz-fensterladen.de\/#website","url":"https:\/\/gz-fensterladen.de\/","name":"Volets de G+Z","description":"Alu- und Holz-Fensterl\u00e4den","publisher":{"@id":"https:\/\/gz-fensterladen.de\/#organization"},"potentialAction":[{"@type":"SearchAction","target":{"@type":"EntryPoint","urlTemplate":"https:\/\/gz-fensterladen.de\/?s={search_term_string}"},"query-input":{"@type":"PropertyValueSpecification","valueRequired":true,"valueName":"search_term_string"}}],"inLanguage":"fr-FR"},{"@type":"Organization","@id":"https:\/\/gz-fensterladen.de\/#organization","name":"GZ-Fensterladen","url":"https:\/\/gz-fensterladen.de\/","logo":{"@type":"ImageObject","inLanguage":"fr-FR","@id":"https:\/\/gz-fensterladen.de\/#\/schema\/logo\/image\/","url":"https:\/\/gz-fensterladen.de\/wp-content\/uploads\/2019\/04\/GZ-GmbH-Co.-KG.png","contentUrl":"https:\/\/gz-fensterladen.de\/wp-content\/uploads\/2019\/04\/GZ-GmbH-Co.-KG.png","width":2084,"height":1180,"caption":"GZ-Fensterladen"},"image":{"@id":"https:\/\/gz-fensterladen.de\/#\/schema\/logo\/image\/"},"sameAs":["https:\/\/www.facebook.com\/gz.fensterlaeden","https:\/\/www.instagram.com\/gz.fensterladen\/","https:\/\/www.youtube.com\/channel\/UCm8tPgBIlOTB4lFnoJtcAug"]}]}},"_links":{"self":[{"href":"https:\/\/gz-fensterladen.de\/fr\/wp-json\/wp\/v2\/pages\/733","targetHints":{"allow":["GET"]}}],"collection":[{"href":"https:\/\/gz-fensterladen.de\/fr\/wp-json\/wp\/v2\/pages"}],"about":[{"href":"https:\/\/gz-fensterladen.de\/fr\/wp-json\/wp\/v2\/types\/page"}],"author":[{"embeddable":true,"href":"https:\/\/gz-fensterladen.de\/fr\/wp-json\/wp\/v2\/users\/3"}],"replies":[{"embeddable":true,"href":"https:\/\/gz-fensterladen.de\/fr\/wp-json\/wp\/v2\/comments?post=733"}],"version-history":[{"count":32,"href":"https:\/\/gz-fensterladen.de\/fr\/wp-json\/wp\/v2\/pages\/733\/revisions"}],"predecessor-version":[{"id":2276,"href":"https:\/\/gz-fensterladen.de\/fr\/wp-json\/wp\/v2\/pages\/733\/revisions\/2276"}],"wp:attachment":[{"href":"https:\/\/gz-fensterladen.de\/fr\/wp-json\/wp\/v2\/media?parent=733"}],"curies":[{"name":"wp","href":"https:\/\/api.w.org\/{rel}","templated":true}]}}